{"id":9635,"date":"2024-05-28T10:29:20","date_gmt":"2024-07-31T15:26:23","guid":{"rendered":"https:\/\/larisaandpumpkin.com\/product\/sanat-tahtasi\/"},"modified":"2025-12-02T12:12:33","modified_gmt":"2025-12-02T09:12:33","slug":"sanat-tahtasi","status":"publish","type":"product","link":"https:\/\/larisaandpumpkin.com\/en\/product\/sanat-tahtasi\/","title":{"rendered":"Art Board"},"content":{"rendered":"<p>Let your child&#8217;s imagination soar with our specially designed art board, perfect for artists of all ages. Whether they&#8217;re drawing a masterpiece, sketching their dreams, or jotting down their next big idea, this art board is the perfect tool for their creations. The durable, easy-to-clean, and portable Art Board is ideal for home, school projects, or creative adventures on the go. Encourage your little artist to express themselves freely and bring their colorful visions to life on this versatile surface. Get ready to witness endless moments of artistic enjoyment and inspiration with our Art Board. Unleash your inner creativity.<\/p>\n","protected":false},"excerpt":{"rendered":"<p>Let your child&#8217;s imagination soar with our specially designed art board, perfect for artists of all ages. Whether they&#8217;re drawing a masterpiece, sketching their dreams, or jotting down their next big idea, this art board is the perfect tool for their creations. The durable, easy-to-clean, and portable Art Board is ideal for home, school projects, [&hellip;]<\/p>\n","protected":false},"featured_media":9127,"comment_status":"open","ping_status":"closed","template":"","meta":{"_acf_changed":false,"inline_featured_image":false},"product_brand":[],"product_cat":[116,112],"product_tag":[],"class_list":{"0":"post-9635","1":"product","2":"type-product","3":"status-publish","4":"has-post-thumbnail","6":"product_cat-game","7":"product_cat-trainer","8":"pa_renk-natural-en","9":"pa_renk-white","11":"first","12":"instock","13":"shipping-taxable","14":"purchasable","15":"product-type-variable"},"acf":[],"yoast_head":"<!-- This site is optimized with the Yoast SEO plugin v24.7 - https:\/\/yoast.com\/wordpress\/plugins\/seo\/ -->\n<title>Art Board - Larisa &amp; Pumpkin | For Kids<\/title>\n<meta name=\"robots\" content=\"index, follow, max-snippet:-1, max-image-preview:large, max-video-preview:-1\" \/>\n<link rel=\"canonical\" href=\"https:\/\/larisaandpumpkin.com\/en\/product\/sanat-tahtasi\/\" \/>\n<meta property=\"og:locale\" content=\"en_US\" \/>\n<meta property=\"og:type\" content=\"article\" \/>\n<meta property=\"og:title\" content=\"Art Board - Larisa &amp; Pumpkin | For Kids\" \/>\n<meta property=\"og:description\" content=\"Let your child&#8217;s imagination soar with our specially designed art board, perfect for artists of all ages. Whether they&#8217;re drawing a masterpiece, sketching their dreams, or jotting down their next big idea, this art board is the perfect tool for their creations. The durable, easy-to-clean, and portable Art Board is ideal for home, school projects, [&hellip;]\" \/>\n<meta property=\"og:url\" content=\"https:\/\/larisaandpumpkin.com\/en\/product\/sanat-tahtasi\/\" \/>\n<meta property=\"og:site_name\" content=\"Larisa &amp; Pumpkin | For Kids\" \/>\n<meta property=\"article:modified_time\" content=\"2025-12-02T09:12:33+00:00\" \/>\n<meta property=\"og:image\" content=\"https:\/\/larisaandpumpkin.com\/wp-content\/uploads\/2024\/05\/Art-Board-Website-Product-Photos-PS-3.jpg\" \/>\n\t<meta property=\"og:image:width\" content=\"900\" \/>\n\t<meta property=\"og:image:height\" content=\"900\" \/>\n\t<meta property=\"og:image:type\" content=\"image\/jpeg\" \/>\n<meta name=\"twitter:card\" content=\"summary_large_image\" \/>\n<script type=\"application\/ld+json\" class=\"yoast-schema-graph\">{\"@context\":\"https:\/\/schema.org\",\"@graph\":[{\"@type\":\"WebPage\",\"@id\":\"https:\/\/larisaandpumpkin.com\/en\/product\/sanat-tahtasi\/\",\"url\":\"https:\/\/larisaandpumpkin.com\/en\/product\/sanat-tahtasi\/\",\"name\":\"Art Board - Larisa &amp; Pumpkin | For Kids\",\"isPartOf\":{\"@id\":\"https:\/\/larisaandpumpkin.com\/#website\"},\"primaryImageOfPage\":{\"@id\":\"https:\/\/larisaandpumpkin.com\/en\/product\/sanat-tahtasi\/#primaryimage\"},\"image\":{\"@id\":\"https:\/\/larisaandpumpkin.com\/en\/product\/sanat-tahtasi\/#primaryimage\"},\"thumbnailUrl\":\"https:\/\/larisaandpumpkin.com\/wp-content\/uploads\/2024\/05\/Art-Board-Website-Product-Photos-PS-3.jpg\",\"datePublished\":\"2024-07-31T15:26:23+00:00\",\"dateModified\":\"2025-12-02T09:12:33+00:00\",\"breadcrumb\":{\"@id\":\"https:\/\/larisaandpumpkin.com\/en\/product\/sanat-tahtasi\/#breadcrumb\"},\"inLanguage\":\"en-US\",\"potentialAction\":[{\"@type\":\"ReadAction\",\"target\":[\"https:\/\/larisaandpumpkin.com\/en\/product\/sanat-tahtasi\/\"]}]},{\"@type\":\"ImageObject\",\"inLanguage\":\"en-US\",\"@id\":\"https:\/\/larisaandpumpkin.com\/en\/product\/sanat-tahtasi\/#primaryimage\",\"url\":\"https:\/\/larisaandpumpkin.com\/wp-content\/uploads\/2024\/05\/Art-Board-Website-Product-Photos-PS-3.jpg\",\"contentUrl\":\"https:\/\/larisaandpumpkin.com\/wp-content\/uploads\/2024\/05\/Art-Board-Website-Product-Photos-PS-3.jpg\",\"width\":900,\"height\":900},{\"@type\":\"BreadcrumbList\",\"@id\":\"https:\/\/larisaandpumpkin.com\/en\/product\/sanat-tahtasi\/#breadcrumb\",\"itemListElement\":[{\"@type\":\"ListItem\",\"position\":1,\"name\":\"Anasayfa\",\"item\":\"https:\/\/larisaandpumpkin.com\/en\/\"},{\"@type\":\"ListItem\",\"position\":2,\"name\":\"Shop\",\"item\":\"https:\/\/larisaandpumpkin.com\/en\/shop\/\"},{\"@type\":\"ListItem\",\"position\":3,\"name\":\"Art Board\"}]},{\"@type\":\"WebSite\",\"@id\":\"https:\/\/larisaandpumpkin.com\/#website\",\"url\":\"https:\/\/larisaandpumpkin.com\/\",\"name\":\"Larisa &amp; Pumpkin | For Kids\",\"description\":\"En b\u00fcy\u00fck tutkumuz ise hala ayn\u0131; minikleri e\u011flendirirken geli\u015fimlerini de destekleyecek kaliteli ve g\u00fcvenli \u00fcr\u00fcnler tasarlamak!\",\"potentialAction\":[{\"@type\":\"SearchAction\",\"target\":{\"@type\":\"EntryPoint\",\"urlTemplate\":\"https:\/\/larisaandpumpkin.com\/?s={search_term_string}\"},\"query-input\":{\"@type\":\"PropertyValueSpecification\",\"valueRequired\":true,\"valueName\":\"search_term_string\"}}],\"inLanguage\":\"en-US\"}]}<\/script>\n<!-- \/ Yoast SEO plugin. -->","yoast_head_json":{"title":"Art Board - Larisa &amp; Pumpkin | For Kids","robots":{"index":"index","follow":"follow","max-snippet":"max-snippet:-1","max-image-preview":"max-image-preview:large","max-video-preview":"max-video-preview:-1"},"canonical":"https:\/\/larisaandpumpkin.com\/en\/product\/sanat-tahtasi\/","og_locale":"en_US","og_type":"article","og_title":"Art Board - Larisa &amp; Pumpkin | For Kids","og_description":"Let your child&#8217;s imagination soar with our specially designed art board, perfect for artists of all ages. Whether they&#8217;re drawing a masterpiece, sketching their dreams, or jotting down their next big idea, this art board is the perfect tool for their creations. The durable, easy-to-clean, and portable Art Board is ideal for home, school projects, [&hellip;]","og_url":"https:\/\/larisaandpumpkin.com\/en\/product\/sanat-tahtasi\/","og_site_name":"Larisa &amp; Pumpkin | For Kids","article_modified_time":"2025-12-02T09:12:33+00:00","og_image":[{"width":900,"height":900,"url":"https:\/\/larisaandpumpkin.com\/wp-content\/uploads\/2024\/05\/Art-Board-Website-Product-Photos-PS-3.jpg","type":"image\/jpeg"}],"twitter_card":"summary_large_image","schema":{"@context":"https:\/\/schema.org","@graph":[{"@type":"WebPage","@id":"https:\/\/larisaandpumpkin.com\/en\/product\/sanat-tahtasi\/","url":"https:\/\/larisaandpumpkin.com\/en\/product\/sanat-tahtasi\/","name":"Art Board - Larisa &amp; Pumpkin | For Kids","isPartOf":{"@id":"https:\/\/larisaandpumpkin.com\/#website"},"primaryImageOfPage":{"@id":"https:\/\/larisaandpumpkin.com\/en\/product\/sanat-tahtasi\/#primaryimage"},"image":{"@id":"https:\/\/larisaandpumpkin.com\/en\/product\/sanat-tahtasi\/#primaryimage"},"thumbnailUrl":"https:\/\/larisaandpumpkin.com\/wp-content\/uploads\/2024\/05\/Art-Board-Website-Product-Photos-PS-3.jpg","datePublished":"2024-07-31T15:26:23+00:00","dateModified":"2025-12-02T09:12:33+00:00","breadcrumb":{"@id":"https:\/\/larisaandpumpkin.com\/en\/product\/sanat-tahtasi\/#breadcrumb"},"inLanguage":"en-US","potentialAction":[{"@type":"ReadAction","target":["https:\/\/larisaandpumpkin.com\/en\/product\/sanat-tahtasi\/"]}]},{"@type":"ImageObject","inLanguage":"en-US","@id":"https:\/\/larisaandpumpkin.com\/en\/product\/sanat-tahtasi\/#primaryimage","url":"https:\/\/larisaandpumpkin.com\/wp-content\/uploads\/2024\/05\/Art-Board-Website-Product-Photos-PS-3.jpg","contentUrl":"https:\/\/larisaandpumpkin.com\/wp-content\/uploads\/2024\/05\/Art-Board-Website-Product-Photos-PS-3.jpg","width":900,"height":900},{"@type":"BreadcrumbList","@id":"https:\/\/larisaandpumpkin.com\/en\/product\/sanat-tahtasi\/#breadcrumb","itemListElement":[{"@type":"ListItem","position":1,"name":"Anasayfa","item":"https:\/\/larisaandpumpkin.com\/en\/"},{"@type":"ListItem","position":2,"name":"Shop","item":"https:\/\/larisaandpumpkin.com\/en\/shop\/"},{"@type":"ListItem","position":3,"name":"Art Board"}]},{"@type":"WebSite","@id":"https:\/\/larisaandpumpkin.com\/#website","url":"https:\/\/larisaandpumpkin.com\/","name":"Larisa &amp; Pumpkin | For Kids","description":"En b\u00fcy\u00fck tutkumuz ise hala ayn\u0131; minikleri e\u011flendirirken geli\u015fimlerini de destekleyecek kaliteli ve g\u00fcvenli \u00fcr\u00fcnler tasarlamak!","potentialAction":[{"@type":"SearchAction","target":{"@type":"EntryPoint","urlTemplate":"https:\/\/larisaandpumpkin.com\/?s={search_term_string}"},"query-input":{"@type":"PropertyValueSpecification","valueRequired":true,"valueName":"search_term_string"}}],"inLanguage":"en-US"}]}},"_links":{"self":[{"href":"https:\/\/larisaandpumpkin.com\/en\/wp-json\/wp\/v2\/product\/9635","targetHints":{"allow":["GET"]}}],"collection":[{"href":"https:\/\/larisaandpumpkin.com\/en\/wp-json\/wp\/v2\/product"}],"about":[{"href":"https:\/\/larisaandpumpkin.com\/en\/wp-json\/wp\/v2\/types\/product"}],"replies":[{"embeddable":true,"href":"https:\/\/larisaandpumpkin.com\/en\/wp-json\/wp\/v2\/comments?post=9635"}],"wp:featuredmedia":[{"embeddable":true,"href":"https:\/\/larisaandpumpkin.com\/en\/wp-json\/wp\/v2\/media\/9127"}],"wp:attachment":[{"href":"https:\/\/larisaandpumpkin.com\/en\/wp-json\/wp\/v2\/media?parent=9635"}],"wp:term":[{"taxonomy":"product_brand","embeddable":true,"href":"https:\/\/larisaandpumpkin.com\/en\/wp-json\/wp\/v2\/product_brand?post=9635"},{"taxonomy":"product_cat","embeddable":true,"href":"https:\/\/larisaandpumpkin.com\/en\/wp-json\/wp\/v2\/product_cat?post=9635"},{"taxonomy":"product_tag","embeddable":true,"href":"https:\/\/larisaandpumpkin.com\/en\/wp-json\/wp\/v2\/product_tag?post=9635"}],"curies":[{"name":"wp","href":"https:\/\/api.w.org\/{rel}","templated":true}]}}