{"id":9618,"date":"2024-02-15T14:29:54","date_gmt":"2024-07-31T15:24:01","guid":{"rendered":"https:\/\/larisaandpumpkin.com\/product\/top-cesitleri\/"},"modified":"2025-12-02T12:12:34","modified_gmt":"2025-12-02T09:12:34","slug":"top-cesitleri","status":"publish","type":"product","link":"https:\/\/larisaandpumpkin.com\/en\/product\/top-cesitleri\/","title":{"rendered":"Types of Balls"},"content":{"rendered":"<p>The ball pits are not only for fun but are also great for developing your baby&#8217;s gross and fine motor skills! The mesh contains 66 balls. They are CE certified and coated with special paint suitable for babies aged 0-3 years.<\/p>\n","protected":false},"excerpt":{"rendered":"<p>Larisa and Pumpkin&#8217;s modern and stylish ball pits guarantee to keep your baby entertained for hours! &nbsp;<\/p>\n","protected":false},"featured_media":8704,"comment_status":"open","ping_status":"closed","template":"","meta":{"_acf_changed":false,"inline_featured_image":false},"product_brand":[],"product_cat":[116],"product_tag":[],"class_list":{"0":"post-9618","1":"product","2":"type-product","3":"status-publish","4":"has-post-thumbnail","6":"product_cat-game","7":"pa_renk-black","8":"pa_renk-blue","9":"pa_renk-gold","10":"pa_renk-gray","11":"pa_renk-mint-en","12":"pa_renk-pearl","13":"pa_renk-powder","14":"pa_renk-silver","15":"pa_renk-transparent","16":"pa_renk-white","18":"first","19":"instock","20":"shipping-taxable","21":"purchasable","22":"product-type-variable"},"acf":[],"yoast_head":"<!-- This site is optimized with the Yoast SEO plugin v24.7 - https:\/\/yoast.com\/wordpress\/plugins\/seo\/ -->\n<title>Types of Balls - Larisa &amp; Pumpkin | For Kids<\/title>\n<meta name=\"description\" content=\"Larisa and Pumpkin&#039;s modern and stylish ball pits guarantee to keep your baby entertained for hours!\" \/>\n<meta name=\"robots\" content=\"index, follow, max-snippet:-1, max-image-preview:large, max-video-preview:-1\" \/>\n<link rel=\"canonical\" href=\"https:\/\/larisaandpumpkin.com\/en\/product\/top-cesitleri\/\" \/>\n<meta property=\"og:locale\" content=\"en_US\" \/>\n<meta property=\"og:type\" content=\"article\" \/>\n<meta property=\"og:title\" content=\"Types of Balls - Larisa &amp; Pumpkin | For Kids\" \/>\n<meta property=\"og:description\" content=\"Larisa and Pumpkin&#039;s modern and stylish ball pits guarantee to keep your baby entertained for hours!\" \/>\n<meta property=\"og:url\" content=\"https:\/\/larisaandpumpkin.com\/en\/product\/top-cesitleri\/\" \/>\n<meta property=\"og:site_name\" content=\"Larisa &amp; Pumpkin | For Kids\" \/>\n<meta property=\"article:modified_time\" content=\"2025-12-02T09:12:34+00:00\" \/>\n<meta property=\"og:image\" content=\"https:\/\/larisaandpumpkin.com\/wp-content\/uploads\/2024\/02\/Toop.jpg\" \/>\n\t<meta property=\"og:image:width\" content=\"900\" \/>\n\t<meta property=\"og:image:height\" content=\"900\" \/>\n\t<meta property=\"og:image:type\" content=\"image\/jpeg\" \/>\n<meta name=\"twitter:card\" content=\"summary_large_image\" \/>\n<script type=\"application\/ld+json\" class=\"yoast-schema-graph\">{\"@context\":\"https:\/\/schema.org\",\"@graph\":[{\"@type\":\"WebPage\",\"@id\":\"https:\/\/larisaandpumpkin.com\/en\/product\/top-cesitleri\/\",\"url\":\"https:\/\/larisaandpumpkin.com\/en\/product\/top-cesitleri\/\",\"name\":\"Types of Balls - Larisa &amp; Pumpkin | For Kids\",\"isPartOf\":{\"@id\":\"https:\/\/larisaandpumpkin.com\/#website\"},\"primaryImageOfPage\":{\"@id\":\"https:\/\/larisaandpumpkin.com\/en\/product\/top-cesitleri\/#primaryimage\"},\"image\":{\"@id\":\"https:\/\/larisaandpumpkin.com\/en\/product\/top-cesitleri\/#primaryimage\"},\"thumbnailUrl\":\"https:\/\/larisaandpumpkin.com\/wp-content\/uploads\/2024\/02\/Toop.jpg\",\"datePublished\":\"2024-07-31T15:24:01+00:00\",\"dateModified\":\"2025-12-02T09:12:34+00:00\",\"description\":\"Larisa and Pumpkin's modern and stylish ball pits guarantee to keep your baby entertained for hours!\",\"breadcrumb\":{\"@id\":\"https:\/\/larisaandpumpkin.com\/en\/product\/top-cesitleri\/#breadcrumb\"},\"inLanguage\":\"en-US\",\"potentialAction\":[{\"@type\":\"ReadAction\",\"target\":[\"https:\/\/larisaandpumpkin.com\/en\/product\/top-cesitleri\/\"]}]},{\"@type\":\"ImageObject\",\"inLanguage\":\"en-US\",\"@id\":\"https:\/\/larisaandpumpkin.com\/en\/product\/top-cesitleri\/#primaryimage\",\"url\":\"https:\/\/larisaandpumpkin.com\/wp-content\/uploads\/2024\/02\/Toop.jpg\",\"contentUrl\":\"https:\/\/larisaandpumpkin.com\/wp-content\/uploads\/2024\/02\/Toop.jpg\",\"width\":900,\"height\":900},{\"@type\":\"BreadcrumbList\",\"@id\":\"https:\/\/larisaandpumpkin.com\/en\/product\/top-cesitleri\/#breadcrumb\",\"itemListElement\":[{\"@type\":\"ListItem\",\"position\":1,\"name\":\"Anasayfa\",\"item\":\"https:\/\/larisaandpumpkin.com\/en\/\"},{\"@type\":\"ListItem\",\"position\":2,\"name\":\"Shop\",\"item\":\"https:\/\/larisaandpumpkin.com\/en\/shop\/\"},{\"@type\":\"ListItem\",\"position\":3,\"name\":\"Types of Balls\"}]},{\"@type\":\"WebSite\",\"@id\":\"https:\/\/larisaandpumpkin.com\/#website\",\"url\":\"https:\/\/larisaandpumpkin.com\/\",\"name\":\"Larisa &amp; Pumpkin | For Kids\",\"description\":\"En b\u00fcy\u00fck tutkumuz ise hala ayn\u0131; minikleri e\u011flendirirken geli\u015fimlerini de destekleyecek kaliteli ve g\u00fcvenli \u00fcr\u00fcnler tasarlamak!\",\"potentialAction\":[{\"@type\":\"SearchAction\",\"target\":{\"@type\":\"EntryPoint\",\"urlTemplate\":\"https:\/\/larisaandpumpkin.com\/?s={search_term_string}\"},\"query-input\":{\"@type\":\"PropertyValueSpecification\",\"valueRequired\":true,\"valueName\":\"search_term_string\"}}],\"inLanguage\":\"en-US\"}]}<\/script>\n<!-- \/ Yoast SEO plugin. -->","yoast_head_json":{"title":"Types of Balls - Larisa &amp; Pumpkin | For Kids","description":"Larisa and Pumpkin's modern and stylish ball pits guarantee to keep your baby entertained for hours!","robots":{"index":"index","follow":"follow","max-snippet":"max-snippet:-1","max-image-preview":"max-image-preview:large","max-video-preview":"max-video-preview:-1"},"canonical":"https:\/\/larisaandpumpkin.com\/en\/product\/top-cesitleri\/","og_locale":"en_US","og_type":"article","og_title":"Types of Balls - Larisa &amp; Pumpkin | For Kids","og_description":"Larisa and Pumpkin's modern and stylish ball pits guarantee to keep your baby entertained for hours!","og_url":"https:\/\/larisaandpumpkin.com\/en\/product\/top-cesitleri\/","og_site_name":"Larisa &amp; Pumpkin | For Kids","article_modified_time":"2025-12-02T09:12:34+00:00","og_image":[{"width":900,"height":900,"url":"https:\/\/larisaandpumpkin.com\/wp-content\/uploads\/2024\/02\/Toop.jpg","type":"image\/jpeg"}],"twitter_card":"summary_large_image","schema":{"@context":"https:\/\/schema.org","@graph":[{"@type":"WebPage","@id":"https:\/\/larisaandpumpkin.com\/en\/product\/top-cesitleri\/","url":"https:\/\/larisaandpumpkin.com\/en\/product\/top-cesitleri\/","name":"Types of Balls - Larisa &amp; Pumpkin | For Kids","isPartOf":{"@id":"https:\/\/larisaandpumpkin.com\/#website"},"primaryImageOfPage":{"@id":"https:\/\/larisaandpumpkin.com\/en\/product\/top-cesitleri\/#primaryimage"},"image":{"@id":"https:\/\/larisaandpumpkin.com\/en\/product\/top-cesitleri\/#primaryimage"},"thumbnailUrl":"https:\/\/larisaandpumpkin.com\/wp-content\/uploads\/2024\/02\/Toop.jpg","datePublished":"2024-07-31T15:24:01+00:00","dateModified":"2025-12-02T09:12:34+00:00","description":"Larisa and Pumpkin's modern and stylish ball pits guarantee to keep your baby entertained for hours!","breadcrumb":{"@id":"https:\/\/larisaandpumpkin.com\/en\/product\/top-cesitleri\/#breadcrumb"},"inLanguage":"en-US","potentialAction":[{"@type":"ReadAction","target":["https:\/\/larisaandpumpkin.com\/en\/product\/top-cesitleri\/"]}]},{"@type":"ImageObject","inLanguage":"en-US","@id":"https:\/\/larisaandpumpkin.com\/en\/product\/top-cesitleri\/#primaryimage","url":"https:\/\/larisaandpumpkin.com\/wp-content\/uploads\/2024\/02\/Toop.jpg","contentUrl":"https:\/\/larisaandpumpkin.com\/wp-content\/uploads\/2024\/02\/Toop.jpg","width":900,"height":900},{"@type":"BreadcrumbList","@id":"https:\/\/larisaandpumpkin.com\/en\/product\/top-cesitleri\/#breadcrumb","itemListElement":[{"@type":"ListItem","position":1,"name":"Anasayfa","item":"https:\/\/larisaandpumpkin.com\/en\/"},{"@type":"ListItem","position":2,"name":"Shop","item":"https:\/\/larisaandpumpkin.com\/en\/shop\/"},{"@type":"ListItem","position":3,"name":"Types of Balls"}]},{"@type":"WebSite","@id":"https:\/\/larisaandpumpkin.com\/#website","url":"https:\/\/larisaandpumpkin.com\/","name":"Larisa &amp; Pumpkin | For Kids","description":"En b\u00fcy\u00fck tutkumuz ise hala ayn\u0131; minikleri e\u011flendirirken geli\u015fimlerini de destekleyecek kaliteli ve g\u00fcvenli \u00fcr\u00fcnler tasarlamak!","potentialAction":[{"@type":"SearchAction","target":{"@type":"EntryPoint","urlTemplate":"https:\/\/larisaandpumpkin.com\/?s={search_term_string}"},"query-input":{"@type":"PropertyValueSpecification","valueRequired":true,"valueName":"search_term_string"}}],"inLanguage":"en-US"}]}},"_links":{"self":[{"href":"https:\/\/larisaandpumpkin.com\/en\/wp-json\/wp\/v2\/product\/9618","targetHints":{"allow":["GET"]}}],"collection":[{"href":"https:\/\/larisaandpumpkin.com\/en\/wp-json\/wp\/v2\/product"}],"about":[{"href":"https:\/\/larisaandpumpkin.com\/en\/wp-json\/wp\/v2\/types\/product"}],"replies":[{"embeddable":true,"href":"https:\/\/larisaandpumpkin.com\/en\/wp-json\/wp\/v2\/comments?post=9618"}],"wp:featuredmedia":[{"embeddable":true,"href":"https:\/\/larisaandpumpkin.com\/en\/wp-json\/wp\/v2\/media\/8704"}],"wp:attachment":[{"href":"https:\/\/larisaandpumpkin.com\/en\/wp-json\/wp\/v2\/media?parent=9618"}],"wp:term":[{"taxonomy":"product_brand","embeddable":true,"href":"https:\/\/larisaandpumpkin.com\/en\/wp-json\/wp\/v2\/product_brand?post=9618"},{"taxonomy":"product_cat","embeddable":true,"href":"https:\/\/larisaandpumpkin.com\/en\/wp-json\/wp\/v2\/product_cat?post=9618"},{"taxonomy":"product_tag","embeddable":true,"href":"https:\/\/larisaandpumpkin.com\/en\/wp-json\/wp\/v2\/product_tag?post=9618"}],"curies":[{"name":"wp","href":"https:\/\/api.w.org\/{rel}","templated":true}]}}