{"id":9610,"date":"2024-07-31T23:59:03","date_gmt":"2024-07-31T13:35:32","guid":{"rendered":"https:\/\/larisaandpumpkin.com\/product\/retro-locker-double\/"},"modified":"2025-12-02T12:12:33","modified_gmt":"2025-12-02T09:12:33","slug":"retro-locker-double","status":"publish","type":"product","link":"https:\/\/larisaandpumpkin.com\/en\/product\/retro-locker-double\/","title":{"rendered":"Retro Locker Double"},"content":{"rendered":"","protected":false},"excerpt":{"rendered":"<p>The double door sheet metal cabinet from the Retro Locker Series offers a stylish solution to your storage needs with its spacious interior and chic design. Bringing the fashion of the 90s back to your home, this cabinet is perfect for use in children\u2019s rooms as well as other areas of the house. With four different color options to choose from, you can add a retro touch to your decor. Made from durable sheet metal, it provides both a tidy environment and long-lasting use. The Retro Locker Series double door cabinet will become an indispensable part of your home.<\/p>\n","protected":false},"featured_media":9710,"comment_status":"open","ping_status":"closed","template":"","meta":{"_acf_changed":false,"inline_featured_image":false},"product_brand":[],"product_cat":[114],"product_tag":[],"class_list":{"0":"post-9610","1":"product","2":"type-product","3":"status-publish","4":"has-post-thumbnail","6":"product_cat-general","7":"pa_renk-beige","8":"pa_renk-blue","9":"pa_renk-mint-en","10":"pa_renk-pink","12":"first","13":"instock","14":"shipping-taxable","15":"purchasable","16":"product-type-variable"},"acf":[],"yoast_head":"<!-- This site is optimized with the Yoast SEO plugin v24.7 - https:\/\/yoast.com\/wordpress\/plugins\/seo\/ -->\n<title>Retro Locker Double - Larisa &amp; Pumpkin | For Kids<\/title>\n<meta name=\"robots\" content=\"index, follow, max-snippet:-1, max-image-preview:large, max-video-preview:-1\" \/>\n<link rel=\"canonical\" href=\"https:\/\/larisaandpumpkin.com\/en\/product\/retro-locker-double\/\" \/>\n<meta property=\"og:locale\" content=\"en_US\" \/>\n<meta property=\"og:type\" content=\"article\" \/>\n<meta property=\"og:title\" content=\"Retro Locker Double - Larisa &amp; Pumpkin | For Kids\" \/>\n<meta property=\"og:description\" content=\"The double door sheet metal cabinet from the Retro Locker Series offers a stylish solution to your storage needs with its spacious interior and chic design. Bringing the fashion of the 90s back to your home, this cabinet is perfect for use in children\u2019s rooms as well as other areas of the house. With four different color options to choose from, you can add a retro touch to your decor. Made from durable sheet metal, it provides both a tidy environment and long-lasting use. The Retro Locker Series double door cabinet will become an indispensable part of your home.\" \/>\n<meta property=\"og:url\" content=\"https:\/\/larisaandpumpkin.com\/en\/product\/retro-locker-double\/\" \/>\n<meta property=\"og:site_name\" content=\"Larisa &amp; Pumpkin | For Kids\" \/>\n<meta property=\"article:modified_time\" content=\"2025-12-02T09:12:33+00:00\" \/>\n<meta property=\"og:image\" content=\"https:\/\/larisaandpumpkin.com\/wp-content\/uploads\/2024\/08\/wp-content-uploads-2024-07-cift-mint-1.jpg\" \/>\n\t<meta property=\"og:image:width\" content=\"900\" \/>\n\t<meta property=\"og:image:height\" content=\"900\" \/>\n\t<meta property=\"og:image:type\" content=\"image\/jpeg\" \/>\n<meta name=\"twitter:card\" content=\"summary_large_image\" \/>\n<meta name=\"twitter:label1\" content=\"Est. reading time\" \/>\n\t<meta name=\"twitter:data1\" content=\"1 minute\" \/>\n<script type=\"application\/ld+json\" class=\"yoast-schema-graph\">{\"@context\":\"https:\/\/schema.org\",\"@graph\":[{\"@type\":\"WebPage\",\"@id\":\"https:\/\/larisaandpumpkin.com\/en\/product\/retro-locker-double\/\",\"url\":\"https:\/\/larisaandpumpkin.com\/en\/product\/retro-locker-double\/\",\"name\":\"Retro Locker Double - Larisa &amp; Pumpkin | For Kids\",\"isPartOf\":{\"@id\":\"https:\/\/larisaandpumpkin.com\/#website\"},\"primaryImageOfPage\":{\"@id\":\"https:\/\/larisaandpumpkin.com\/en\/product\/retro-locker-double\/#primaryimage\"},\"image\":{\"@id\":\"https:\/\/larisaandpumpkin.com\/en\/product\/retro-locker-double\/#primaryimage\"},\"thumbnailUrl\":\"https:\/\/larisaandpumpkin.com\/wp-content\/uploads\/2024\/08\/wp-content-uploads-2024-07-cift-mint-1.jpg\",\"datePublished\":\"2024-07-31T13:35:32+00:00\",\"dateModified\":\"2025-12-02T09:12:33+00:00\",\"breadcrumb\":{\"@id\":\"https:\/\/larisaandpumpkin.com\/en\/product\/retro-locker-double\/#breadcrumb\"},\"inLanguage\":\"en-US\",\"potentialAction\":[{\"@type\":\"ReadAction\",\"target\":[\"https:\/\/larisaandpumpkin.com\/en\/product\/retro-locker-double\/\"]}]},{\"@type\":\"ImageObject\",\"inLanguage\":\"en-US\",\"@id\":\"https:\/\/larisaandpumpkin.com\/en\/product\/retro-locker-double\/#primaryimage\",\"url\":\"https:\/\/larisaandpumpkin.com\/wp-content\/uploads\/2024\/08\/wp-content-uploads-2024-07-cift-mint-1.jpg\",\"contentUrl\":\"https:\/\/larisaandpumpkin.com\/wp-content\/uploads\/2024\/08\/wp-content-uploads-2024-07-cift-mint-1.jpg\",\"width\":900,\"height\":900},{\"@type\":\"BreadcrumbList\",\"@id\":\"https:\/\/larisaandpumpkin.com\/en\/product\/retro-locker-double\/#breadcrumb\",\"itemListElement\":[{\"@type\":\"ListItem\",\"position\":1,\"name\":\"Anasayfa\",\"item\":\"https:\/\/larisaandpumpkin.com\/en\/\"},{\"@type\":\"ListItem\",\"position\":2,\"name\":\"Shop\",\"item\":\"https:\/\/larisaandpumpkin.com\/en\/shop\/\"},{\"@type\":\"ListItem\",\"position\":3,\"name\":\"Retro Locker Double\"}]},{\"@type\":\"WebSite\",\"@id\":\"https:\/\/larisaandpumpkin.com\/#website\",\"url\":\"https:\/\/larisaandpumpkin.com\/\",\"name\":\"Larisa &amp; Pumpkin | For Kids\",\"description\":\"En b\u00fcy\u00fck tutkumuz ise hala ayn\u0131; minikleri e\u011flendirirken geli\u015fimlerini de destekleyecek kaliteli ve g\u00fcvenli \u00fcr\u00fcnler tasarlamak!\",\"potentialAction\":[{\"@type\":\"SearchAction\",\"target\":{\"@type\":\"EntryPoint\",\"urlTemplate\":\"https:\/\/larisaandpumpkin.com\/?s={search_term_string}\"},\"query-input\":{\"@type\":\"PropertyValueSpecification\",\"valueRequired\":true,\"valueName\":\"search_term_string\"}}],\"inLanguage\":\"en-US\"}]}<\/script>\n<!-- \/ Yoast SEO plugin. -->","yoast_head_json":{"title":"Retro Locker Double - Larisa &amp; Pumpkin | For Kids","robots":{"index":"index","follow":"follow","max-snippet":"max-snippet:-1","max-image-preview":"max-image-preview:large","max-video-preview":"max-video-preview:-1"},"canonical":"https:\/\/larisaandpumpkin.com\/en\/product\/retro-locker-double\/","og_locale":"en_US","og_type":"article","og_title":"Retro Locker Double - Larisa &amp; Pumpkin | For Kids","og_description":"The double door sheet metal cabinet from the Retro Locker Series offers a stylish solution to your storage needs with its spacious interior and chic design. Bringing the fashion of the 90s back to your home, this cabinet is perfect for use in children\u2019s rooms as well as other areas of the house. With four different color options to choose from, you can add a retro touch to your decor. Made from durable sheet metal, it provides both a tidy environment and long-lasting use. The Retro Locker Series double door cabinet will become an indispensable part of your home.","og_url":"https:\/\/larisaandpumpkin.com\/en\/product\/retro-locker-double\/","og_site_name":"Larisa &amp; Pumpkin | For Kids","article_modified_time":"2025-12-02T09:12:33+00:00","og_image":[{"width":900,"height":900,"url":"https:\/\/larisaandpumpkin.com\/wp-content\/uploads\/2024\/08\/wp-content-uploads-2024-07-cift-mint-1.jpg","type":"image\/jpeg"}],"twitter_card":"summary_large_image","twitter_misc":{"Est. reading time":"1 minute"},"schema":{"@context":"https:\/\/schema.org","@graph":[{"@type":"WebPage","@id":"https:\/\/larisaandpumpkin.com\/en\/product\/retro-locker-double\/","url":"https:\/\/larisaandpumpkin.com\/en\/product\/retro-locker-double\/","name":"Retro Locker Double - Larisa &amp; Pumpkin | For Kids","isPartOf":{"@id":"https:\/\/larisaandpumpkin.com\/#website"},"primaryImageOfPage":{"@id":"https:\/\/larisaandpumpkin.com\/en\/product\/retro-locker-double\/#primaryimage"},"image":{"@id":"https:\/\/larisaandpumpkin.com\/en\/product\/retro-locker-double\/#primaryimage"},"thumbnailUrl":"https:\/\/larisaandpumpkin.com\/wp-content\/uploads\/2024\/08\/wp-content-uploads-2024-07-cift-mint-1.jpg","datePublished":"2024-07-31T13:35:32+00:00","dateModified":"2025-12-02T09:12:33+00:00","breadcrumb":{"@id":"https:\/\/larisaandpumpkin.com\/en\/product\/retro-locker-double\/#breadcrumb"},"inLanguage":"en-US","potentialAction":[{"@type":"ReadAction","target":["https:\/\/larisaandpumpkin.com\/en\/product\/retro-locker-double\/"]}]},{"@type":"ImageObject","inLanguage":"en-US","@id":"https:\/\/larisaandpumpkin.com\/en\/product\/retro-locker-double\/#primaryimage","url":"https:\/\/larisaandpumpkin.com\/wp-content\/uploads\/2024\/08\/wp-content-uploads-2024-07-cift-mint-1.jpg","contentUrl":"https:\/\/larisaandpumpkin.com\/wp-content\/uploads\/2024\/08\/wp-content-uploads-2024-07-cift-mint-1.jpg","width":900,"height":900},{"@type":"BreadcrumbList","@id":"https:\/\/larisaandpumpkin.com\/en\/product\/retro-locker-double\/#breadcrumb","itemListElement":[{"@type":"ListItem","position":1,"name":"Anasayfa","item":"https:\/\/larisaandpumpkin.com\/en\/"},{"@type":"ListItem","position":2,"name":"Shop","item":"https:\/\/larisaandpumpkin.com\/en\/shop\/"},{"@type":"ListItem","position":3,"name":"Retro Locker Double"}]},{"@type":"WebSite","@id":"https:\/\/larisaandpumpkin.com\/#website","url":"https:\/\/larisaandpumpkin.com\/","name":"Larisa &amp; Pumpkin | For Kids","description":"En b\u00fcy\u00fck tutkumuz ise hala ayn\u0131; minikleri e\u011flendirirken geli\u015fimlerini de destekleyecek kaliteli ve g\u00fcvenli \u00fcr\u00fcnler tasarlamak!","potentialAction":[{"@type":"SearchAction","target":{"@type":"EntryPoint","urlTemplate":"https:\/\/larisaandpumpkin.com\/?s={search_term_string}"},"query-input":{"@type":"PropertyValueSpecification","valueRequired":true,"valueName":"search_term_string"}}],"inLanguage":"en-US"}]}},"_links":{"self":[{"href":"https:\/\/larisaandpumpkin.com\/en\/wp-json\/wp\/v2\/product\/9610","targetHints":{"allow":["GET"]}}],"collection":[{"href":"https:\/\/larisaandpumpkin.com\/en\/wp-json\/wp\/v2\/product"}],"about":[{"href":"https:\/\/larisaandpumpkin.com\/en\/wp-json\/wp\/v2\/types\/product"}],"replies":[{"embeddable":true,"href":"https:\/\/larisaandpumpkin.com\/en\/wp-json\/wp\/v2\/comments?post=9610"}],"wp:featuredmedia":[{"embeddable":true,"href":"https:\/\/larisaandpumpkin.com\/en\/wp-json\/wp\/v2\/media\/9710"}],"wp:attachment":[{"href":"https:\/\/larisaandpumpkin.com\/en\/wp-json\/wp\/v2\/media?parent=9610"}],"wp:term":[{"taxonomy":"product_brand","embeddable":true,"href":"https:\/\/larisaandpumpkin.com\/en\/wp-json\/wp\/v2\/product_brand?post=9610"},{"taxonomy":"product_cat","embeddable":true,"href":"https:\/\/larisaandpumpkin.com\/en\/wp-json\/wp\/v2\/product_cat?post=9610"},{"taxonomy":"product_tag","embeddable":true,"href":"https:\/\/larisaandpumpkin.com\/en\/wp-json\/wp\/v2\/product_tag?post=9610"}],"curies":[{"name":"wp","href":"https:\/\/api.w.org\/{rel}","templated":true}]}}