{"id":8417,"date":"2022-10-19T11:36:00","date_gmt":"2023-12-27T07:34:48","guid":{"rendered":"https:\/\/larisaandpumpkin.com\/product\/sosis-kopek-nevresim-takimi\/"},"modified":"2025-12-02T12:12:36","modified_gmt":"2025-12-02T09:12:36","slug":"sosis-kopek-nevresim-takimi","status":"publish","type":"product","link":"https:\/\/larisaandpumpkin.com\/en\/product\/sosis-kopek-nevresim-takimi\/","title":{"rendered":"Sausage Dog Bedding Set"},"content":{"rendered":"<p><b data-stringify-type=\"bold\">Fabric Options<\/b>: 100% Cotton Poplin &#8211; 100% Cotton Tencel<br \/><strong>Small Size<\/strong>: 100 cm x 150 cm<br \/>Sheet: 120 cm x 180 cm<br \/>Pillowcase: 40 cm x 45 cm<br \/><strong>Large Size<\/strong>: 150 cm x 220 cm<br \/>Sheet: 160 cm x 240 cm<br \/>Pillowcase: 50 cm x 70 cm<br \/><b data-stringify-type=\"bold\">Washing instructions<\/b>: Machine washable at 30 degrees. Do not soak in water. Do not tumble dry. Iron inside out. Granular soap is not recommended.<\/p>\n","protected":false},"excerpt":{"rendered":"<p><b data-stringify-type=\"bold\">Fabric Options<\/b>: 100% Cotton Poplin &#8211; 100% Cotton Tencel<br \/><strong>Small Size<\/strong>: 100 cm x 150 cm<br \/>Sheet: 120 cm x 180 cm<br \/>Pillowcase: 40 cm x 45 cm<br \/><strong>Large Size<\/strong>: 150 cm x 220 cm<br \/>Sheet: 160 cm x 240 cm<br \/>Pillowcase: 50 cm x 70 cm<\/p>\n","protected":false},"featured_media":4080,"comment_status":"open","ping_status":"closed","template":"","meta":{"_acf_changed":false,"inline_featured_image":false},"product_brand":[],"product_cat":[121,108],"product_tag":[],"class_list":{"0":"post-8417","1":"product","2":"type-product","3":"status-publish","4":"has-post-thumbnail","6":"product_cat-bestsellers","7":"product_cat-childrens-room","9":"first","10":"instock","11":"shipping-taxable","12":"purchasable","13":"product-type-variable","14":"has-default-attributes"},"acf":[],"yoast_head":"<!-- This site is optimized with the Yoast SEO plugin v24.7 - https:\/\/yoast.com\/wordpress\/plugins\/seo\/ -->\n<title>Sausage Dog Bedding Set - Larisa &amp; Pumpkin | For Kids<\/title>\n<meta name=\"robots\" content=\"index, follow, max-snippet:-1, max-image-preview:large, max-video-preview:-1\" \/>\n<link rel=\"canonical\" href=\"https:\/\/larisaandpumpkin.com\/en\/product\/sosis-kopek-nevresim-takimi\/\" \/>\n<meta property=\"og:locale\" content=\"en_US\" \/>\n<meta property=\"og:type\" content=\"article\" \/>\n<meta property=\"og:title\" content=\"Sausage Dog Bedding Set - Larisa &amp; Pumpkin | For Kids\" \/>\n<meta property=\"og:description\" content=\"Fabric Options: 100% Cotton Poplin - 100% Cotton TencelSmall Size: 100 cm x 150 cmSheet: 120 cm x 180 cmPillowcase: 40 cm x 45 cmLarge Size: 150 cm x 220 cmSheet: 160 cm x 240 cmPillowcase: 50 cm x 70 cm\" \/>\n<meta property=\"og:url\" content=\"https:\/\/larisaandpumpkin.com\/en\/product\/sosis-kopek-nevresim-takimi\/\" \/>\n<meta property=\"og:site_name\" content=\"Larisa &amp; Pumpkin | For Kids\" \/>\n<meta property=\"article:modified_time\" content=\"2025-12-02T09:12:36+00:00\" \/>\n<meta property=\"og:image\" content=\"https:\/\/larisaandpumpkin.com\/wp-content\/uploads\/2022\/10\/Sosis-Kopek-Nevresim-Takimi-1.jpg\" \/>\n\t<meta property=\"og:image:width\" content=\"900\" \/>\n\t<meta property=\"og:image:height\" content=\"900\" \/>\n\t<meta property=\"og:image:type\" content=\"image\/jpeg\" \/>\n<meta name=\"twitter:card\" content=\"summary_large_image\" \/>\n<script type=\"application\/ld+json\" class=\"yoast-schema-graph\">{\"@context\":\"https:\/\/schema.org\",\"@graph\":[{\"@type\":\"WebPage\",\"@id\":\"https:\/\/larisaandpumpkin.com\/en\/product\/sosis-kopek-nevresim-takimi\/\",\"url\":\"https:\/\/larisaandpumpkin.com\/en\/product\/sosis-kopek-nevresim-takimi\/\",\"name\":\"Sausage Dog Bedding Set - Larisa &amp; Pumpkin | For Kids\",\"isPartOf\":{\"@id\":\"https:\/\/larisaandpumpkin.com\/#website\"},\"primaryImageOfPage\":{\"@id\":\"https:\/\/larisaandpumpkin.com\/en\/product\/sosis-kopek-nevresim-takimi\/#primaryimage\"},\"image\":{\"@id\":\"https:\/\/larisaandpumpkin.com\/en\/product\/sosis-kopek-nevresim-takimi\/#primaryimage\"},\"thumbnailUrl\":\"https:\/\/larisaandpumpkin.com\/wp-content\/uploads\/2022\/10\/Sosis-Kopek-Nevresim-Takimi-1.jpg\",\"datePublished\":\"2023-12-27T07:34:48+00:00\",\"dateModified\":\"2025-12-02T09:12:36+00:00\",\"breadcrumb\":{\"@id\":\"https:\/\/larisaandpumpkin.com\/en\/product\/sosis-kopek-nevresim-takimi\/#breadcrumb\"},\"inLanguage\":\"en-US\",\"potentialAction\":[{\"@type\":\"ReadAction\",\"target\":[\"https:\/\/larisaandpumpkin.com\/en\/product\/sosis-kopek-nevresim-takimi\/\"]}]},{\"@type\":\"ImageObject\",\"inLanguage\":\"en-US\",\"@id\":\"https:\/\/larisaandpumpkin.com\/en\/product\/sosis-kopek-nevresim-takimi\/#primaryimage\",\"url\":\"https:\/\/larisaandpumpkin.com\/wp-content\/uploads\/2022\/10\/Sosis-Kopek-Nevresim-Takimi-1.jpg\",\"contentUrl\":\"https:\/\/larisaandpumpkin.com\/wp-content\/uploads\/2022\/10\/Sosis-Kopek-Nevresim-Takimi-1.jpg\",\"width\":900,\"height\":900},{\"@type\":\"BreadcrumbList\",\"@id\":\"https:\/\/larisaandpumpkin.com\/en\/product\/sosis-kopek-nevresim-takimi\/#breadcrumb\",\"itemListElement\":[{\"@type\":\"ListItem\",\"position\":1,\"name\":\"Anasayfa\",\"item\":\"https:\/\/larisaandpumpkin.com\/en\/\"},{\"@type\":\"ListItem\",\"position\":2,\"name\":\"Shop\",\"item\":\"https:\/\/larisaandpumpkin.com\/en\/shop\/\"},{\"@type\":\"ListItem\",\"position\":3,\"name\":\"Sausage Dog Bedding Set\"}]},{\"@type\":\"WebSite\",\"@id\":\"https:\/\/larisaandpumpkin.com\/#website\",\"url\":\"https:\/\/larisaandpumpkin.com\/\",\"name\":\"Larisa &amp; Pumpkin | For Kids\",\"description\":\"En b\u00fcy\u00fck tutkumuz ise hala ayn\u0131; minikleri e\u011flendirirken geli\u015fimlerini de destekleyecek kaliteli ve g\u00fcvenli \u00fcr\u00fcnler tasarlamak!\",\"potentialAction\":[{\"@type\":\"SearchAction\",\"target\":{\"@type\":\"EntryPoint\",\"urlTemplate\":\"https:\/\/larisaandpumpkin.com\/?s={search_term_string}\"},\"query-input\":{\"@type\":\"PropertyValueSpecification\",\"valueRequired\":true,\"valueName\":\"search_term_string\"}}],\"inLanguage\":\"en-US\"}]}<\/script>\n<!-- \/ Yoast SEO plugin. -->","yoast_head_json":{"title":"Sausage Dog Bedding Set - Larisa &amp; Pumpkin | For Kids","robots":{"index":"index","follow":"follow","max-snippet":"max-snippet:-1","max-image-preview":"max-image-preview:large","max-video-preview":"max-video-preview:-1"},"canonical":"https:\/\/larisaandpumpkin.com\/en\/product\/sosis-kopek-nevresim-takimi\/","og_locale":"en_US","og_type":"article","og_title":"Sausage Dog Bedding Set - Larisa &amp; Pumpkin | For Kids","og_description":"Fabric Options: 100% Cotton Poplin - 100% Cotton TencelSmall Size: 100 cm x 150 cmSheet: 120 cm x 180 cmPillowcase: 40 cm x 45 cmLarge Size: 150 cm x 220 cmSheet: 160 cm x 240 cmPillowcase: 50 cm x 70 cm","og_url":"https:\/\/larisaandpumpkin.com\/en\/product\/sosis-kopek-nevresim-takimi\/","og_site_name":"Larisa &amp; Pumpkin | For Kids","article_modified_time":"2025-12-02T09:12:36+00:00","og_image":[{"width":900,"height":900,"url":"https:\/\/larisaandpumpkin.com\/wp-content\/uploads\/2022\/10\/Sosis-Kopek-Nevresim-Takimi-1.jpg","type":"image\/jpeg"}],"twitter_card":"summary_large_image","schema":{"@context":"https:\/\/schema.org","@graph":[{"@type":"WebPage","@id":"https:\/\/larisaandpumpkin.com\/en\/product\/sosis-kopek-nevresim-takimi\/","url":"https:\/\/larisaandpumpkin.com\/en\/product\/sosis-kopek-nevresim-takimi\/","name":"Sausage Dog Bedding Set - Larisa &amp; Pumpkin | For Kids","isPartOf":{"@id":"https:\/\/larisaandpumpkin.com\/#website"},"primaryImageOfPage":{"@id":"https:\/\/larisaandpumpkin.com\/en\/product\/sosis-kopek-nevresim-takimi\/#primaryimage"},"image":{"@id":"https:\/\/larisaandpumpkin.com\/en\/product\/sosis-kopek-nevresim-takimi\/#primaryimage"},"thumbnailUrl":"https:\/\/larisaandpumpkin.com\/wp-content\/uploads\/2022\/10\/Sosis-Kopek-Nevresim-Takimi-1.jpg","datePublished":"2023-12-27T07:34:48+00:00","dateModified":"2025-12-02T09:12:36+00:00","breadcrumb":{"@id":"https:\/\/larisaandpumpkin.com\/en\/product\/sosis-kopek-nevresim-takimi\/#breadcrumb"},"inLanguage":"en-US","potentialAction":[{"@type":"ReadAction","target":["https:\/\/larisaandpumpkin.com\/en\/product\/sosis-kopek-nevresim-takimi\/"]}]},{"@type":"ImageObject","inLanguage":"en-US","@id":"https:\/\/larisaandpumpkin.com\/en\/product\/sosis-kopek-nevresim-takimi\/#primaryimage","url":"https:\/\/larisaandpumpkin.com\/wp-content\/uploads\/2022\/10\/Sosis-Kopek-Nevresim-Takimi-1.jpg","contentUrl":"https:\/\/larisaandpumpkin.com\/wp-content\/uploads\/2022\/10\/Sosis-Kopek-Nevresim-Takimi-1.jpg","width":900,"height":900},{"@type":"BreadcrumbList","@id":"https:\/\/larisaandpumpkin.com\/en\/product\/sosis-kopek-nevresim-takimi\/#breadcrumb","itemListElement":[{"@type":"ListItem","position":1,"name":"Anasayfa","item":"https:\/\/larisaandpumpkin.com\/en\/"},{"@type":"ListItem","position":2,"name":"Shop","item":"https:\/\/larisaandpumpkin.com\/en\/shop\/"},{"@type":"ListItem","position":3,"name":"Sausage Dog Bedding Set"}]},{"@type":"WebSite","@id":"https:\/\/larisaandpumpkin.com\/#website","url":"https:\/\/larisaandpumpkin.com\/","name":"Larisa &amp; Pumpkin | For Kids","description":"En b\u00fcy\u00fck tutkumuz ise hala ayn\u0131; minikleri e\u011flendirirken geli\u015fimlerini de destekleyecek kaliteli ve g\u00fcvenli \u00fcr\u00fcnler tasarlamak!","potentialAction":[{"@type":"SearchAction","target":{"@type":"EntryPoint","urlTemplate":"https:\/\/larisaandpumpkin.com\/?s={search_term_string}"},"query-input":{"@type":"PropertyValueSpecification","valueRequired":true,"valueName":"search_term_string"}}],"inLanguage":"en-US"}]}},"_links":{"self":[{"href":"https:\/\/larisaandpumpkin.com\/en\/wp-json\/wp\/v2\/product\/8417","targetHints":{"allow":["GET"]}}],"collection":[{"href":"https:\/\/larisaandpumpkin.com\/en\/wp-json\/wp\/v2\/product"}],"about":[{"href":"https:\/\/larisaandpumpkin.com\/en\/wp-json\/wp\/v2\/types\/product"}],"replies":[{"embeddable":true,"href":"https:\/\/larisaandpumpkin.com\/en\/wp-json\/wp\/v2\/comments?post=8417"}],"wp:featuredmedia":[{"embeddable":true,"href":"https:\/\/larisaandpumpkin.com\/en\/wp-json\/wp\/v2\/media\/4080"}],"wp:attachment":[{"href":"https:\/\/larisaandpumpkin.com\/en\/wp-json\/wp\/v2\/media?parent=8417"}],"wp:term":[{"taxonomy":"product_brand","embeddable":true,"href":"https:\/\/larisaandpumpkin.com\/en\/wp-json\/wp\/v2\/product_brand?post=8417"},{"taxonomy":"product_cat","embeddable":true,"href":"https:\/\/larisaandpumpkin.com\/en\/wp-json\/wp\/v2\/product_cat?post=8417"},{"taxonomy":"product_tag","embeddable":true,"href":"https:\/\/larisaandpumpkin.com\/en\/wp-json\/wp\/v2\/product_tag?post=8417"}],"curies":[{"name":"wp","href":"https:\/\/api.w.org\/{rel}","templated":true}]}}