{"id":8394,"date":"2023-07-19T14:04:00","date_gmt":"2023-12-27T07:24:52","guid":{"rendered":"https:\/\/larisaandpumpkin.com\/product\/pikler-halkasi\/"},"modified":"2025-12-02T12:12:23","modified_gmt":"2025-12-02T09:12:23","slug":"pikler-halkasi","status":"publish","type":"product","link":"https:\/\/larisaandpumpkin.com\/en\/product\/pikler-halkasi\/","title":{"rendered":"Climbing Arch"},"content":{"rendered":"<p>The Larisa and Pumpkin Climbing Arch will help your child play and imagine. It aids in the development of your child&#8217;s confidence, balance, and strength skills. When flipped over, it allows your child to have a pleasant and safe time both alone and with you while resting. (Our padded model is sold separately.)<strong> It is made from 100% natural beech wood<\/strong>. <strong>Our product can be purchased with or without padding.<\/strong><br \/><strong>Dimensions: 96 x 55 x 48.5 cm<\/strong>  <\/p>\n<p>&nbsp;<\/p>\n","protected":false},"excerpt":{"rendered":"<p>The Larisa and Pumpkin Climbing Arch will help your child play and imagine. It supports the development of your child&#8217;s confidence, balance, and strength skills. When flipped over, it allows your child to enjoy a pleasant and safe time both alone and with you while resting. (Our padded model is sold separately.) <strong>Made from 100% natural beech wood,<\/strong> <strong>our product can be purchased with or without padding.<\/strong><br \/><strong>Product Dimensions: 96 x 55 x 48.5 cm<\/strong>  <\/p>\n<p>&nbsp;<\/p>\n","protected":false},"featured_media":7259,"comment_status":"open","ping_status":"closed","template":"","meta":{"_acf_changed":false,"inline_featured_image":false},"product_brand":[],"product_cat":[116,112],"product_tag":[],"class_list":{"0":"post-8394","1":"product","2":"type-product","3":"status-publish","4":"has-post-thumbnail","6":"product_cat-game","7":"product_cat-trainer","8":"pa_renk-brown","9":"pa_renk-gray","10":"pa_renk-pink","11":"pa_renk-white","13":"first","14":"outofstock","15":"shipping-taxable","16":"purchasable","17":"product-type-simple"},"acf":[],"yoast_head":"<!-- This site is optimized with the Yoast SEO plugin v24.7 - https:\/\/yoast.com\/wordpress\/plugins\/seo\/ -->\n<title>Climbing Arch - Larisa &amp; Pumpkin | For Kids<\/title>\n<meta name=\"robots\" content=\"index, follow, max-snippet:-1, max-image-preview:large, max-video-preview:-1\" \/>\n<link rel=\"canonical\" href=\"https:\/\/larisaandpumpkin.com\/en\/product\/pikler-halkasi\/\" \/>\n<meta property=\"og:locale\" content=\"en_US\" \/>\n<meta property=\"og:type\" content=\"article\" \/>\n<meta property=\"og:title\" content=\"Climbing Arch - Larisa &amp; Pumpkin | For Kids\" \/>\n<meta property=\"og:description\" content=\"The Larisa and Pumpkin Climbing Arch will help your child play and imagine. It supports the development of your child&#039;s confidence, balance, and strength skills. When flipped over, it allows your child to enjoy a pleasant and safe time both alone and with you while resting. (Our padded model is sold separately.) Made from 100% natural beech wood, our product can be purchased with or without padding.Product Dimensions: 96 x 55 x 48.5 cm  &nbsp;\" \/>\n<meta property=\"og:url\" content=\"https:\/\/larisaandpumpkin.com\/en\/product\/pikler-halkasi\/\" \/>\n<meta property=\"og:site_name\" content=\"Larisa &amp; Pumpkin | For Kids\" \/>\n<meta property=\"article:modified_time\" content=\"2025-12-02T09:12:23+00:00\" \/>\n<meta property=\"og:image\" content=\"https:\/\/larisaandpumpkin.com\/wp-content\/uploads\/2023\/05\/tirmana-2.jpg\" \/>\n\t<meta property=\"og:image:width\" content=\"900\" \/>\n\t<meta property=\"og:image:height\" content=\"900\" \/>\n\t<meta property=\"og:image:type\" content=\"image\/jpeg\" \/>\n<meta name=\"twitter:card\" content=\"summary_large_image\" \/>\n<script type=\"application\/ld+json\" class=\"yoast-schema-graph\">{\"@context\":\"https:\/\/schema.org\",\"@graph\":[{\"@type\":\"WebPage\",\"@id\":\"https:\/\/larisaandpumpkin.com\/en\/product\/pikler-halkasi\/\",\"url\":\"https:\/\/larisaandpumpkin.com\/en\/product\/pikler-halkasi\/\",\"name\":\"Climbing Arch - Larisa &amp; Pumpkin | For Kids\",\"isPartOf\":{\"@id\":\"https:\/\/larisaandpumpkin.com\/#website\"},\"primaryImageOfPage\":{\"@id\":\"https:\/\/larisaandpumpkin.com\/en\/product\/pikler-halkasi\/#primaryimage\"},\"image\":{\"@id\":\"https:\/\/larisaandpumpkin.com\/en\/product\/pikler-halkasi\/#primaryimage\"},\"thumbnailUrl\":\"https:\/\/larisaandpumpkin.com\/wp-content\/uploads\/2023\/05\/tirmana-2.jpg\",\"datePublished\":\"2023-12-27T07:24:52+00:00\",\"dateModified\":\"2025-12-02T09:12:23+00:00\",\"breadcrumb\":{\"@id\":\"https:\/\/larisaandpumpkin.com\/en\/product\/pikler-halkasi\/#breadcrumb\"},\"inLanguage\":\"en-US\",\"potentialAction\":[{\"@type\":\"ReadAction\",\"target\":[\"https:\/\/larisaandpumpkin.com\/en\/product\/pikler-halkasi\/\"]}]},{\"@type\":\"ImageObject\",\"inLanguage\":\"en-US\",\"@id\":\"https:\/\/larisaandpumpkin.com\/en\/product\/pikler-halkasi\/#primaryimage\",\"url\":\"https:\/\/larisaandpumpkin.com\/wp-content\/uploads\/2023\/05\/tirmana-2.jpg\",\"contentUrl\":\"https:\/\/larisaandpumpkin.com\/wp-content\/uploads\/2023\/05\/tirmana-2.jpg\",\"width\":900,\"height\":900},{\"@type\":\"BreadcrumbList\",\"@id\":\"https:\/\/larisaandpumpkin.com\/en\/product\/pikler-halkasi\/#breadcrumb\",\"itemListElement\":[{\"@type\":\"ListItem\",\"position\":1,\"name\":\"Anasayfa\",\"item\":\"https:\/\/larisaandpumpkin.com\/en\/\"},{\"@type\":\"ListItem\",\"position\":2,\"name\":\"Shop\",\"item\":\"https:\/\/larisaandpumpkin.com\/en\/shop\/\"},{\"@type\":\"ListItem\",\"position\":3,\"name\":\"Climbing Arch\"}]},{\"@type\":\"WebSite\",\"@id\":\"https:\/\/larisaandpumpkin.com\/#website\",\"url\":\"https:\/\/larisaandpumpkin.com\/\",\"name\":\"Larisa &amp; Pumpkin | For Kids\",\"description\":\"En b\u00fcy\u00fck tutkumuz ise hala ayn\u0131; minikleri e\u011flendirirken geli\u015fimlerini de destekleyecek kaliteli ve g\u00fcvenli \u00fcr\u00fcnler tasarlamak!\",\"potentialAction\":[{\"@type\":\"SearchAction\",\"target\":{\"@type\":\"EntryPoint\",\"urlTemplate\":\"https:\/\/larisaandpumpkin.com\/?s={search_term_string}\"},\"query-input\":{\"@type\":\"PropertyValueSpecification\",\"valueRequired\":true,\"valueName\":\"search_term_string\"}}],\"inLanguage\":\"en-US\"}]}<\/script>\n<!-- \/ Yoast SEO plugin. -->","yoast_head_json":{"title":"Climbing Arch - Larisa &amp; Pumpkin | For Kids","robots":{"index":"index","follow":"follow","max-snippet":"max-snippet:-1","max-image-preview":"max-image-preview:large","max-video-preview":"max-video-preview:-1"},"canonical":"https:\/\/larisaandpumpkin.com\/en\/product\/pikler-halkasi\/","og_locale":"en_US","og_type":"article","og_title":"Climbing Arch - Larisa &amp; Pumpkin | For Kids","og_description":"The Larisa and Pumpkin Climbing Arch will help your child play and imagine. It supports the development of your child's confidence, balance, and strength skills. When flipped over, it allows your child to enjoy a pleasant and safe time both alone and with you while resting. (Our padded model is sold separately.) Made from 100% natural beech wood, our product can be purchased with or without padding.Product Dimensions: 96 x 55 x 48.5 cm  &nbsp;","og_url":"https:\/\/larisaandpumpkin.com\/en\/product\/pikler-halkasi\/","og_site_name":"Larisa &amp; Pumpkin | For Kids","article_modified_time":"2025-12-02T09:12:23+00:00","og_image":[{"width":900,"height":900,"url":"https:\/\/larisaandpumpkin.com\/wp-content\/uploads\/2023\/05\/tirmana-2.jpg","type":"image\/jpeg"}],"twitter_card":"summary_large_image","schema":{"@context":"https:\/\/schema.org","@graph":[{"@type":"WebPage","@id":"https:\/\/larisaandpumpkin.com\/en\/product\/pikler-halkasi\/","url":"https:\/\/larisaandpumpkin.com\/en\/product\/pikler-halkasi\/","name":"Climbing Arch - Larisa &amp; Pumpkin | For Kids","isPartOf":{"@id":"https:\/\/larisaandpumpkin.com\/#website"},"primaryImageOfPage":{"@id":"https:\/\/larisaandpumpkin.com\/en\/product\/pikler-halkasi\/#primaryimage"},"image":{"@id":"https:\/\/larisaandpumpkin.com\/en\/product\/pikler-halkasi\/#primaryimage"},"thumbnailUrl":"https:\/\/larisaandpumpkin.com\/wp-content\/uploads\/2023\/05\/tirmana-2.jpg","datePublished":"2023-12-27T07:24:52+00:00","dateModified":"2025-12-02T09:12:23+00:00","breadcrumb":{"@id":"https:\/\/larisaandpumpkin.com\/en\/product\/pikler-halkasi\/#breadcrumb"},"inLanguage":"en-US","potentialAction":[{"@type":"ReadAction","target":["https:\/\/larisaandpumpkin.com\/en\/product\/pikler-halkasi\/"]}]},{"@type":"ImageObject","inLanguage":"en-US","@id":"https:\/\/larisaandpumpkin.com\/en\/product\/pikler-halkasi\/#primaryimage","url":"https:\/\/larisaandpumpkin.com\/wp-content\/uploads\/2023\/05\/tirmana-2.jpg","contentUrl":"https:\/\/larisaandpumpkin.com\/wp-content\/uploads\/2023\/05\/tirmana-2.jpg","width":900,"height":900},{"@type":"BreadcrumbList","@id":"https:\/\/larisaandpumpkin.com\/en\/product\/pikler-halkasi\/#breadcrumb","itemListElement":[{"@type":"ListItem","position":1,"name":"Anasayfa","item":"https:\/\/larisaandpumpkin.com\/en\/"},{"@type":"ListItem","position":2,"name":"Shop","item":"https:\/\/larisaandpumpkin.com\/en\/shop\/"},{"@type":"ListItem","position":3,"name":"Climbing Arch"}]},{"@type":"WebSite","@id":"https:\/\/larisaandpumpkin.com\/#website","url":"https:\/\/larisaandpumpkin.com\/","name":"Larisa &amp; Pumpkin | For Kids","description":"En b\u00fcy\u00fck tutkumuz ise hala ayn\u0131; minikleri e\u011flendirirken geli\u015fimlerini de destekleyecek kaliteli ve g\u00fcvenli \u00fcr\u00fcnler tasarlamak!","potentialAction":[{"@type":"SearchAction","target":{"@type":"EntryPoint","urlTemplate":"https:\/\/larisaandpumpkin.com\/?s={search_term_string}"},"query-input":{"@type":"PropertyValueSpecification","valueRequired":true,"valueName":"search_term_string"}}],"inLanguage":"en-US"}]}},"_links":{"self":[{"href":"https:\/\/larisaandpumpkin.com\/en\/wp-json\/wp\/v2\/product\/8394","targetHints":{"allow":["GET"]}}],"collection":[{"href":"https:\/\/larisaandpumpkin.com\/en\/wp-json\/wp\/v2\/product"}],"about":[{"href":"https:\/\/larisaandpumpkin.com\/en\/wp-json\/wp\/v2\/types\/product"}],"replies":[{"embeddable":true,"href":"https:\/\/larisaandpumpkin.com\/en\/wp-json\/wp\/v2\/comments?post=8394"}],"wp:featuredmedia":[{"embeddable":true,"href":"https:\/\/larisaandpumpkin.com\/en\/wp-json\/wp\/v2\/media\/7259"}],"wp:attachment":[{"href":"https:\/\/larisaandpumpkin.com\/en\/wp-json\/wp\/v2\/media?parent=8394"}],"wp:term":[{"taxonomy":"product_brand","embeddable":true,"href":"https:\/\/larisaandpumpkin.com\/en\/wp-json\/wp\/v2\/product_brand?post=8394"},{"taxonomy":"product_cat","embeddable":true,"href":"https:\/\/larisaandpumpkin.com\/en\/wp-json\/wp\/v2\/product_cat?post=8394"},{"taxonomy":"product_tag","embeddable":true,"href":"https:\/\/larisaandpumpkin.com\/en\/wp-json\/wp\/v2\/product_tag?post=8394"}],"curies":[{"name":"wp","href":"https:\/\/api.w.org\/{rel}","templated":true}]}}