{"id":8389,"date":"2024-03-06T15:08:57","date_gmt":"2024-08-03T06:04:50","guid":{"rendered":"https:\/\/larisaandpumpkin.com\/?post_type=product&#038;p=8389"},"modified":"2025-12-02T12:12:21","modified_gmt":"2025-12-02T09:12:21","slug":"pembe-top-havuzu-altin-pudra-beyaz-top","status":"publish","type":"product","link":"https:\/\/larisaandpumpkin.com\/en\/product\/pembe-top-havuzu-altin-pudra-beyaz-top\/","title":{"rendered":"Powder Ball Pit XL &#8211; Gold\/Powder\/White Balls"},"content":{"rendered":"<p>Each Larisa and Pumpkin ball pit contains 200 balls. The balls are made of non-toxic plastic that does not contain azo dyes and are CE certified. They are safe for children and odorless. Each ball pit is covered with fabric made of 95% cotton and 5% elastane, and the zippered cover can be easily removed and washed in the washing machine. The soft foam used naturally deforms to provide easy and safe access for your child at every pass and returns to its beautiful appearance. The ball pit is suitable for children who can sit up unsupported. Children playing in the ball pit should always be supervised by an adult.<\/p>\n","protected":false},"excerpt":{"rendered":"<p>Larisa and Pumpkin&#8217;s modern and stylish ball pits guarantee to keep your baby entertained for hours! The ball pits are not only for fun but are also great for developing your baby&#8217;s gross and fine motor skills! <\/p>\n","protected":false},"featured_media":8198,"comment_status":"open","ping_status":"closed","template":"","meta":{"_acf_changed":false,"inline_featured_image":false},"product_brand":[],"product_cat":[116],"product_tag":[],"class_list":{"0":"post-8389","1":"product","2":"type-product","3":"status-publish","4":"has-post-thumbnail","6":"product_cat-game","8":"first","9":"instock","10":"shipping-taxable","11":"purchasable","12":"product-type-simple"},"acf":[],"yoast_head":"<!-- This site is optimized with the Yoast SEO plugin v24.7 - https:\/\/yoast.com\/wordpress\/plugins\/seo\/ -->\n<title>Powder Ball Pit XL - Gold\/Powder\/White Balls - Larisa &amp; Pumpkin | For Kids<\/title>\n<meta name=\"robots\" content=\"index, follow, max-snippet:-1, max-image-preview:large, max-video-preview:-1\" \/>\n<link rel=\"canonical\" href=\"https:\/\/larisaandpumpkin.com\/en\/product\/pembe-top-havuzu-altin-pudra-beyaz-top\/\" \/>\n<meta property=\"og:locale\" content=\"en_US\" \/>\n<meta property=\"og:type\" content=\"article\" \/>\n<meta property=\"og:title\" content=\"Powder Ball Pit XL - Gold\/Powder\/White Balls - Larisa &amp; Pumpkin | For Kids\" \/>\n<meta property=\"og:description\" content=\"Larisa and Pumpkin&#039;s modern and stylish ball pits guarantee to keep your baby entertained for hours! The ball pits are not only for fun but are also great for developing your baby&#039;s gross and fine motor skills!\" \/>\n<meta property=\"og:url\" content=\"https:\/\/larisaandpumpkin.com\/en\/product\/pembe-top-havuzu-altin-pudra-beyaz-top\/\" \/>\n<meta property=\"og:site_name\" content=\"Larisa &amp; Pumpkin | For Kids\" \/>\n<meta property=\"article:modified_time\" content=\"2025-12-02T09:12:21+00:00\" \/>\n<meta property=\"og:image\" content=\"https:\/\/larisaandpumpkin.com\/wp-content\/uploads\/2023\/12\/1.-Powder-Ball-Pit-Powder-Gold-White-Balls-Website-Photos.jpg\" \/>\n\t<meta property=\"og:image:width\" content=\"900\" \/>\n\t<meta property=\"og:image:height\" content=\"900\" \/>\n\t<meta property=\"og:image:type\" content=\"image\/jpeg\" \/>\n<meta name=\"twitter:card\" content=\"summary_large_image\" \/>\n<meta name=\"twitter:label1\" content=\"Est. reading time\" \/>\n\t<meta name=\"twitter:data1\" content=\"1 minute\" \/>\n<script type=\"application\/ld+json\" class=\"yoast-schema-graph\">{\"@context\":\"https:\/\/schema.org\",\"@graph\":[{\"@type\":\"WebPage\",\"@id\":\"https:\/\/larisaandpumpkin.com\/en\/product\/pembe-top-havuzu-altin-pudra-beyaz-top\/\",\"url\":\"https:\/\/larisaandpumpkin.com\/en\/product\/pembe-top-havuzu-altin-pudra-beyaz-top\/\",\"name\":\"Powder Ball Pit XL - Gold\/Powder\/White Balls - Larisa &amp; Pumpkin | For Kids\",\"isPartOf\":{\"@id\":\"https:\/\/larisaandpumpkin.com\/#website\"},\"primaryImageOfPage\":{\"@id\":\"https:\/\/larisaandpumpkin.com\/en\/product\/pembe-top-havuzu-altin-pudra-beyaz-top\/#primaryimage\"},\"image\":{\"@id\":\"https:\/\/larisaandpumpkin.com\/en\/product\/pembe-top-havuzu-altin-pudra-beyaz-top\/#primaryimage\"},\"thumbnailUrl\":\"https:\/\/larisaandpumpkin.com\/wp-content\/uploads\/2023\/12\/1.-Powder-Ball-Pit-Powder-Gold-White-Balls-Website-Photos.jpg\",\"datePublished\":\"2024-08-03T06:04:50+00:00\",\"dateModified\":\"2025-12-02T09:12:21+00:00\",\"breadcrumb\":{\"@id\":\"https:\/\/larisaandpumpkin.com\/en\/product\/pembe-top-havuzu-altin-pudra-beyaz-top\/#breadcrumb\"},\"inLanguage\":\"en-US\",\"potentialAction\":[{\"@type\":\"ReadAction\",\"target\":[\"https:\/\/larisaandpumpkin.com\/en\/product\/pembe-top-havuzu-altin-pudra-beyaz-top\/\"]}]},{\"@type\":\"ImageObject\",\"inLanguage\":\"en-US\",\"@id\":\"https:\/\/larisaandpumpkin.com\/en\/product\/pembe-top-havuzu-altin-pudra-beyaz-top\/#primaryimage\",\"url\":\"https:\/\/larisaandpumpkin.com\/wp-content\/uploads\/2023\/12\/1.-Powder-Ball-Pit-Powder-Gold-White-Balls-Website-Photos.jpg\",\"contentUrl\":\"https:\/\/larisaandpumpkin.com\/wp-content\/uploads\/2023\/12\/1.-Powder-Ball-Pit-Powder-Gold-White-Balls-Website-Photos.jpg\",\"width\":900,\"height\":900},{\"@type\":\"BreadcrumbList\",\"@id\":\"https:\/\/larisaandpumpkin.com\/en\/product\/pembe-top-havuzu-altin-pudra-beyaz-top\/#breadcrumb\",\"itemListElement\":[{\"@type\":\"ListItem\",\"position\":1,\"name\":\"Anasayfa\",\"item\":\"https:\/\/larisaandpumpkin.com\/en\/\"},{\"@type\":\"ListItem\",\"position\":2,\"name\":\"Shop\",\"item\":\"https:\/\/larisaandpumpkin.com\/en\/shop\/\"},{\"@type\":\"ListItem\",\"position\":3,\"name\":\"Powder Ball Pit XL &#8211; Gold\/Powder\/White Balls\"}]},{\"@type\":\"WebSite\",\"@id\":\"https:\/\/larisaandpumpkin.com\/#website\",\"url\":\"https:\/\/larisaandpumpkin.com\/\",\"name\":\"Larisa &amp; Pumpkin | For Kids\",\"description\":\"En b\u00fcy\u00fck tutkumuz ise hala ayn\u0131; minikleri e\u011flendirirken geli\u015fimlerini de destekleyecek kaliteli ve g\u00fcvenli \u00fcr\u00fcnler tasarlamak!\",\"potentialAction\":[{\"@type\":\"SearchAction\",\"target\":{\"@type\":\"EntryPoint\",\"urlTemplate\":\"https:\/\/larisaandpumpkin.com\/?s={search_term_string}\"},\"query-input\":{\"@type\":\"PropertyValueSpecification\",\"valueRequired\":true,\"valueName\":\"search_term_string\"}}],\"inLanguage\":\"en-US\"}]}<\/script>\n<!-- \/ Yoast SEO plugin. -->","yoast_head_json":{"title":"Powder Ball Pit XL - Gold\/Powder\/White Balls - Larisa &amp; Pumpkin | For Kids","robots":{"index":"index","follow":"follow","max-snippet":"max-snippet:-1","max-image-preview":"max-image-preview:large","max-video-preview":"max-video-preview:-1"},"canonical":"https:\/\/larisaandpumpkin.com\/en\/product\/pembe-top-havuzu-altin-pudra-beyaz-top\/","og_locale":"en_US","og_type":"article","og_title":"Powder Ball Pit XL - Gold\/Powder\/White Balls - Larisa &amp; Pumpkin | For Kids","og_description":"Larisa and Pumpkin's modern and stylish ball pits guarantee to keep your baby entertained for hours! The ball pits are not only for fun but are also great for developing your baby's gross and fine motor skills!","og_url":"https:\/\/larisaandpumpkin.com\/en\/product\/pembe-top-havuzu-altin-pudra-beyaz-top\/","og_site_name":"Larisa &amp; Pumpkin | For Kids","article_modified_time":"2025-12-02T09:12:21+00:00","og_image":[{"width":900,"height":900,"url":"https:\/\/larisaandpumpkin.com\/wp-content\/uploads\/2023\/12\/1.-Powder-Ball-Pit-Powder-Gold-White-Balls-Website-Photos.jpg","type":"image\/jpeg"}],"twitter_card":"summary_large_image","twitter_misc":{"Est. reading time":"1 minute"},"schema":{"@context":"https:\/\/schema.org","@graph":[{"@type":"WebPage","@id":"https:\/\/larisaandpumpkin.com\/en\/product\/pembe-top-havuzu-altin-pudra-beyaz-top\/","url":"https:\/\/larisaandpumpkin.com\/en\/product\/pembe-top-havuzu-altin-pudra-beyaz-top\/","name":"Powder Ball Pit XL - Gold\/Powder\/White Balls - Larisa &amp; Pumpkin | For Kids","isPartOf":{"@id":"https:\/\/larisaandpumpkin.com\/#website"},"primaryImageOfPage":{"@id":"https:\/\/larisaandpumpkin.com\/en\/product\/pembe-top-havuzu-altin-pudra-beyaz-top\/#primaryimage"},"image":{"@id":"https:\/\/larisaandpumpkin.com\/en\/product\/pembe-top-havuzu-altin-pudra-beyaz-top\/#primaryimage"},"thumbnailUrl":"https:\/\/larisaandpumpkin.com\/wp-content\/uploads\/2023\/12\/1.-Powder-Ball-Pit-Powder-Gold-White-Balls-Website-Photos.jpg","datePublished":"2024-08-03T06:04:50+00:00","dateModified":"2025-12-02T09:12:21+00:00","breadcrumb":{"@id":"https:\/\/larisaandpumpkin.com\/en\/product\/pembe-top-havuzu-altin-pudra-beyaz-top\/#breadcrumb"},"inLanguage":"en-US","potentialAction":[{"@type":"ReadAction","target":["https:\/\/larisaandpumpkin.com\/en\/product\/pembe-top-havuzu-altin-pudra-beyaz-top\/"]}]},{"@type":"ImageObject","inLanguage":"en-US","@id":"https:\/\/larisaandpumpkin.com\/en\/product\/pembe-top-havuzu-altin-pudra-beyaz-top\/#primaryimage","url":"https:\/\/larisaandpumpkin.com\/wp-content\/uploads\/2023\/12\/1.-Powder-Ball-Pit-Powder-Gold-White-Balls-Website-Photos.jpg","contentUrl":"https:\/\/larisaandpumpkin.com\/wp-content\/uploads\/2023\/12\/1.-Powder-Ball-Pit-Powder-Gold-White-Balls-Website-Photos.jpg","width":900,"height":900},{"@type":"BreadcrumbList","@id":"https:\/\/larisaandpumpkin.com\/en\/product\/pembe-top-havuzu-altin-pudra-beyaz-top\/#breadcrumb","itemListElement":[{"@type":"ListItem","position":1,"name":"Anasayfa","item":"https:\/\/larisaandpumpkin.com\/en\/"},{"@type":"ListItem","position":2,"name":"Shop","item":"https:\/\/larisaandpumpkin.com\/en\/shop\/"},{"@type":"ListItem","position":3,"name":"Powder Ball Pit XL &#8211; Gold\/Powder\/White Balls"}]},{"@type":"WebSite","@id":"https:\/\/larisaandpumpkin.com\/#website","url":"https:\/\/larisaandpumpkin.com\/","name":"Larisa &amp; Pumpkin | For Kids","description":"En b\u00fcy\u00fck tutkumuz ise hala ayn\u0131; minikleri e\u011flendirirken geli\u015fimlerini de destekleyecek kaliteli ve g\u00fcvenli \u00fcr\u00fcnler tasarlamak!","potentialAction":[{"@type":"SearchAction","target":{"@type":"EntryPoint","urlTemplate":"https:\/\/larisaandpumpkin.com\/?s={search_term_string}"},"query-input":{"@type":"PropertyValueSpecification","valueRequired":true,"valueName":"search_term_string"}}],"inLanguage":"en-US"}]}},"_links":{"self":[{"href":"https:\/\/larisaandpumpkin.com\/en\/wp-json\/wp\/v2\/product\/8389","targetHints":{"allow":["GET"]}}],"collection":[{"href":"https:\/\/larisaandpumpkin.com\/en\/wp-json\/wp\/v2\/product"}],"about":[{"href":"https:\/\/larisaandpumpkin.com\/en\/wp-json\/wp\/v2\/types\/product"}],"replies":[{"embeddable":true,"href":"https:\/\/larisaandpumpkin.com\/en\/wp-json\/wp\/v2\/comments?post=8389"}],"wp:featuredmedia":[{"embeddable":true,"href":"https:\/\/larisaandpumpkin.com\/en\/wp-json\/wp\/v2\/media\/8198"}],"wp:attachment":[{"href":"https:\/\/larisaandpumpkin.com\/en\/wp-json\/wp\/v2\/media?parent=8389"}],"wp:term":[{"taxonomy":"product_brand","embeddable":true,"href":"https:\/\/larisaandpumpkin.com\/en\/wp-json\/wp\/v2\/product_brand?post=8389"},{"taxonomy":"product_cat","embeddable":true,"href":"https:\/\/larisaandpumpkin.com\/en\/wp-json\/wp\/v2\/product_cat?post=8389"},{"taxonomy":"product_tag","embeddable":true,"href":"https:\/\/larisaandpumpkin.com\/en\/wp-json\/wp\/v2\/product_tag?post=8389"}],"curies":[{"name":"wp","href":"https:\/\/api.w.org\/{rel}","templated":true}]}}