{"id":8379,"date":"2023-07-18T22:46:31","date_gmt":"2023-12-27T07:23:09","guid":{"rendered":"https:\/\/larisaandpumpkin.com\/product\/pikler-halkasi-yastik\/"},"modified":"2025-12-02T12:12:34","modified_gmt":"2025-12-02T09:12:34","slug":"pikler-halkasi-yastik","status":"publish","type":"product","link":"https:\/\/larisaandpumpkin.com\/en\/product\/pikler-halkasi-yastik\/","title":{"rendered":"Climbing Arch + Pillow"},"content":{"rendered":"<div class=\"\" data-block=\"true\" data-editor=\"8h5kr\" data-offset-key=\"f8anm-0-0\">\n<div class=\"_1mf _1mj\" data-offset-key=\"f8anm-0-0\"><span data-offset-key=\"f8anm-0-0\">The Larisa and Pumpkin Climbing Arch, with its additional cushion, will help your little one play and imagine. It supports the development of your child&#8217;s confidence, balance, and strength skills. When flipped over, it allows your child to have a pleasant and safe time both alone and with you while resting. <\/span><\/div>\n<\/div>\n<div class=\"\" data-block=\"true\" data-editor=\"8h5kr\" data-offset-key=\"cu29-0-0\">\n<div class=\"_1mf _1mj\" data-offset-key=\"cu29-0-0\"><span data-offset-key=\"cu29-0-0\"> <\/span><\/div>\n<\/div>\n<div class=\"\" data-block=\"true\" data-editor=\"8h5kr\" data-offset-key=\"37dvj-0-0\">\n<div class=\"_1mf _1mj\" data-offset-key=\"37dvj-0-0\"><span data-offset-key=\"37dvj-0-0\">The wooden parts are made from natural beech wood, and the cushion is made from 100% cotton poplin.<\/span><\/div>\n<\/div>\n<div class=\"\" data-block=\"true\" data-editor=\"8h5kr\" data-offset-key=\"92mkb-0-0\">\n<div class=\"_1mf _1mj\" data-offset-key=\"92mkb-0-0\"><span data-offset-key=\"92mkb-0-0\"> <\/span><\/div>\n<\/div>\n<div class=\"\" data-block=\"true\" data-editor=\"8h5kr\" data-offset-key=\"6ok53-0-0\">\n<div class=\"_1mf _1mj\" data-offset-key=\"6ok53-0-0\"><span data-offset-key=\"6ok53-0-0\">Our product can be purchased with or without a pillow.<\/span><\/div>\n<\/div>\n","protected":false},"excerpt":{"rendered":"<p>Larisa and Pumpkin Climbing Arch + Pillow<\/p>\n","protected":false},"featured_media":8612,"comment_status":"open","ping_status":"closed","template":"","meta":{"_acf_changed":false,"inline_featured_image":false},"product_brand":[],"product_cat":[116,112,121],"product_tag":[],"class_list":{"0":"post-8379","1":"product","2":"type-product","3":"status-publish","4":"has-post-thumbnail","6":"product_cat-game","7":"product_cat-trainer","8":"product_cat-bestsellers","9":"pa_renk-blue","10":"pa_renk-brown","11":"pa_renk-gray","12":"pa_renk-pink","13":"pa_renk-white","15":"first","16":"outofstock","17":"shipping-taxable","18":"purchasable","19":"product-type-variable","20":"has-default-attributes"},"acf":[],"yoast_head":"<!-- This site is optimized with the Yoast SEO plugin v24.7 - https:\/\/yoast.com\/wordpress\/plugins\/seo\/ -->\n<title>Climbing Arch + Pillow - Larisa &amp; Pumpkin | For Kids<\/title>\n<meta name=\"robots\" content=\"index, follow, max-snippet:-1, max-image-preview:large, max-video-preview:-1\" \/>\n<link rel=\"canonical\" href=\"https:\/\/larisaandpumpkin.com\/en\/product\/pikler-halkasi-yastik\/\" \/>\n<meta property=\"og:locale\" content=\"en_US\" \/>\n<meta property=\"og:type\" content=\"article\" \/>\n<meta property=\"og:title\" content=\"Climbing Arch + Pillow - Larisa &amp; Pumpkin | For Kids\" \/>\n<meta property=\"og:description\" content=\"Larisa and Pumpkin Climbing Arch + Pillow\" \/>\n<meta property=\"og:url\" content=\"https:\/\/larisaandpumpkin.com\/en\/product\/pikler-halkasi-yastik\/\" \/>\n<meta property=\"og:site_name\" content=\"Larisa &amp; Pumpkin | For Kids\" \/>\n<meta property=\"article:modified_time\" content=\"2025-12-02T09:12:34+00:00\" \/>\n<meta property=\"og:image\" content=\"https:\/\/larisaandpumpkin.com\/wp-content\/uploads\/2023\/11\/beyaz-pikler-yeni.jpg\" \/>\n\t<meta property=\"og:image:width\" content=\"900\" \/>\n\t<meta property=\"og:image:height\" content=\"900\" \/>\n\t<meta property=\"og:image:type\" content=\"image\/jpeg\" \/>\n<meta name=\"twitter:card\" content=\"summary_large_image\" \/>\n<script type=\"application\/ld+json\" class=\"yoast-schema-graph\">{\"@context\":\"https:\/\/schema.org\",\"@graph\":[{\"@type\":\"WebPage\",\"@id\":\"https:\/\/larisaandpumpkin.com\/en\/product\/pikler-halkasi-yastik\/\",\"url\":\"https:\/\/larisaandpumpkin.com\/en\/product\/pikler-halkasi-yastik\/\",\"name\":\"Climbing Arch + Pillow - Larisa &amp; Pumpkin | For Kids\",\"isPartOf\":{\"@id\":\"https:\/\/larisaandpumpkin.com\/#website\"},\"primaryImageOfPage\":{\"@id\":\"https:\/\/larisaandpumpkin.com\/en\/product\/pikler-halkasi-yastik\/#primaryimage\"},\"image\":{\"@id\":\"https:\/\/larisaandpumpkin.com\/en\/product\/pikler-halkasi-yastik\/#primaryimage\"},\"thumbnailUrl\":\"https:\/\/larisaandpumpkin.com\/wp-content\/uploads\/2023\/11\/beyaz-pikler-yeni.jpg\",\"datePublished\":\"2023-12-27T07:23:09+00:00\",\"dateModified\":\"2025-12-02T09:12:34+00:00\",\"breadcrumb\":{\"@id\":\"https:\/\/larisaandpumpkin.com\/en\/product\/pikler-halkasi-yastik\/#breadcrumb\"},\"inLanguage\":\"en-US\",\"potentialAction\":[{\"@type\":\"ReadAction\",\"target\":[\"https:\/\/larisaandpumpkin.com\/en\/product\/pikler-halkasi-yastik\/\"]}]},{\"@type\":\"ImageObject\",\"inLanguage\":\"en-US\",\"@id\":\"https:\/\/larisaandpumpkin.com\/en\/product\/pikler-halkasi-yastik\/#primaryimage\",\"url\":\"https:\/\/larisaandpumpkin.com\/wp-content\/uploads\/2023\/11\/beyaz-pikler-yeni.jpg\",\"contentUrl\":\"https:\/\/larisaandpumpkin.com\/wp-content\/uploads\/2023\/11\/beyaz-pikler-yeni.jpg\",\"width\":900,\"height\":900},{\"@type\":\"BreadcrumbList\",\"@id\":\"https:\/\/larisaandpumpkin.com\/en\/product\/pikler-halkasi-yastik\/#breadcrumb\",\"itemListElement\":[{\"@type\":\"ListItem\",\"position\":1,\"name\":\"Anasayfa\",\"item\":\"https:\/\/larisaandpumpkin.com\/en\/\"},{\"@type\":\"ListItem\",\"position\":2,\"name\":\"Shop\",\"item\":\"https:\/\/larisaandpumpkin.com\/en\/shop\/\"},{\"@type\":\"ListItem\",\"position\":3,\"name\":\"Climbing Arch + Pillow\"}]},{\"@type\":\"WebSite\",\"@id\":\"https:\/\/larisaandpumpkin.com\/#website\",\"url\":\"https:\/\/larisaandpumpkin.com\/\",\"name\":\"Larisa &amp; Pumpkin | For Kids\",\"description\":\"En b\u00fcy\u00fck tutkumuz ise hala ayn\u0131; minikleri e\u011flendirirken geli\u015fimlerini de destekleyecek kaliteli ve g\u00fcvenli \u00fcr\u00fcnler tasarlamak!\",\"potentialAction\":[{\"@type\":\"SearchAction\",\"target\":{\"@type\":\"EntryPoint\",\"urlTemplate\":\"https:\/\/larisaandpumpkin.com\/?s={search_term_string}\"},\"query-input\":{\"@type\":\"PropertyValueSpecification\",\"valueRequired\":true,\"valueName\":\"search_term_string\"}}],\"inLanguage\":\"en-US\"}]}<\/script>\n<!-- \/ Yoast SEO plugin. -->","yoast_head_json":{"title":"Climbing Arch + Pillow - Larisa &amp; Pumpkin | For Kids","robots":{"index":"index","follow":"follow","max-snippet":"max-snippet:-1","max-image-preview":"max-image-preview:large","max-video-preview":"max-video-preview:-1"},"canonical":"https:\/\/larisaandpumpkin.com\/en\/product\/pikler-halkasi-yastik\/","og_locale":"en_US","og_type":"article","og_title":"Climbing Arch + Pillow - Larisa &amp; Pumpkin | For Kids","og_description":"Larisa and Pumpkin Climbing Arch + Pillow","og_url":"https:\/\/larisaandpumpkin.com\/en\/product\/pikler-halkasi-yastik\/","og_site_name":"Larisa &amp; Pumpkin | For Kids","article_modified_time":"2025-12-02T09:12:34+00:00","og_image":[{"width":900,"height":900,"url":"https:\/\/larisaandpumpkin.com\/wp-content\/uploads\/2023\/11\/beyaz-pikler-yeni.jpg","type":"image\/jpeg"}],"twitter_card":"summary_large_image","schema":{"@context":"https:\/\/schema.org","@graph":[{"@type":"WebPage","@id":"https:\/\/larisaandpumpkin.com\/en\/product\/pikler-halkasi-yastik\/","url":"https:\/\/larisaandpumpkin.com\/en\/product\/pikler-halkasi-yastik\/","name":"Climbing Arch + Pillow - Larisa &amp; Pumpkin | For Kids","isPartOf":{"@id":"https:\/\/larisaandpumpkin.com\/#website"},"primaryImageOfPage":{"@id":"https:\/\/larisaandpumpkin.com\/en\/product\/pikler-halkasi-yastik\/#primaryimage"},"image":{"@id":"https:\/\/larisaandpumpkin.com\/en\/product\/pikler-halkasi-yastik\/#primaryimage"},"thumbnailUrl":"https:\/\/larisaandpumpkin.com\/wp-content\/uploads\/2023\/11\/beyaz-pikler-yeni.jpg","datePublished":"2023-12-27T07:23:09+00:00","dateModified":"2025-12-02T09:12:34+00:00","breadcrumb":{"@id":"https:\/\/larisaandpumpkin.com\/en\/product\/pikler-halkasi-yastik\/#breadcrumb"},"inLanguage":"en-US","potentialAction":[{"@type":"ReadAction","target":["https:\/\/larisaandpumpkin.com\/en\/product\/pikler-halkasi-yastik\/"]}]},{"@type":"ImageObject","inLanguage":"en-US","@id":"https:\/\/larisaandpumpkin.com\/en\/product\/pikler-halkasi-yastik\/#primaryimage","url":"https:\/\/larisaandpumpkin.com\/wp-content\/uploads\/2023\/11\/beyaz-pikler-yeni.jpg","contentUrl":"https:\/\/larisaandpumpkin.com\/wp-content\/uploads\/2023\/11\/beyaz-pikler-yeni.jpg","width":900,"height":900},{"@type":"BreadcrumbList","@id":"https:\/\/larisaandpumpkin.com\/en\/product\/pikler-halkasi-yastik\/#breadcrumb","itemListElement":[{"@type":"ListItem","position":1,"name":"Anasayfa","item":"https:\/\/larisaandpumpkin.com\/en\/"},{"@type":"ListItem","position":2,"name":"Shop","item":"https:\/\/larisaandpumpkin.com\/en\/shop\/"},{"@type":"ListItem","position":3,"name":"Climbing Arch + Pillow"}]},{"@type":"WebSite","@id":"https:\/\/larisaandpumpkin.com\/#website","url":"https:\/\/larisaandpumpkin.com\/","name":"Larisa &amp; Pumpkin | For Kids","description":"En b\u00fcy\u00fck tutkumuz ise hala ayn\u0131; minikleri e\u011flendirirken geli\u015fimlerini de destekleyecek kaliteli ve g\u00fcvenli \u00fcr\u00fcnler tasarlamak!","potentialAction":[{"@type":"SearchAction","target":{"@type":"EntryPoint","urlTemplate":"https:\/\/larisaandpumpkin.com\/?s={search_term_string}"},"query-input":{"@type":"PropertyValueSpecification","valueRequired":true,"valueName":"search_term_string"}}],"inLanguage":"en-US"}]}},"_links":{"self":[{"href":"https:\/\/larisaandpumpkin.com\/en\/wp-json\/wp\/v2\/product\/8379","targetHints":{"allow":["GET"]}}],"collection":[{"href":"https:\/\/larisaandpumpkin.com\/en\/wp-json\/wp\/v2\/product"}],"about":[{"href":"https:\/\/larisaandpumpkin.com\/en\/wp-json\/wp\/v2\/types\/product"}],"replies":[{"embeddable":true,"href":"https:\/\/larisaandpumpkin.com\/en\/wp-json\/wp\/v2\/comments?post=8379"}],"wp:featuredmedia":[{"embeddable":true,"href":"https:\/\/larisaandpumpkin.com\/en\/wp-json\/wp\/v2\/media\/8612"}],"wp:attachment":[{"href":"https:\/\/larisaandpumpkin.com\/en\/wp-json\/wp\/v2\/media?parent=8379"}],"wp:term":[{"taxonomy":"product_brand","embeddable":true,"href":"https:\/\/larisaandpumpkin.com\/en\/wp-json\/wp\/v2\/product_brand?post=8379"},{"taxonomy":"product_cat","embeddable":true,"href":"https:\/\/larisaandpumpkin.com\/en\/wp-json\/wp\/v2\/product_cat?post=8379"},{"taxonomy":"product_tag","embeddable":true,"href":"https:\/\/larisaandpumpkin.com\/en\/wp-json\/wp\/v2\/product_tag?post=8379"}],"curies":[{"name":"wp","href":"https:\/\/api.w.org\/{rel}","templated":true}]}}