{"id":1074,"date":"2022-05-10T11:13:00","date_gmt":"2022-05-22T04:21:44","guid":{"rendered":"https:\/\/larisaandpumpkin.com\/product\/library\/"},"modified":"2025-12-02T12:12:31","modified_gmt":"2025-12-02T09:12:31","slug":"library","status":"publish","type":"product","link":"https:\/\/larisaandpumpkin.com\/en\/product\/library\/","title":{"rendered":"Library"},"content":{"rendered":"<p>Our library, made from 100% natural beech wood, features a 360-degree rotation capability, three main shelves, and six side shelves, making the classic library design more fun and functional. Our new library allows you to store up to 300 books of various sizes using the front, back shelves, and side pocket shelves.<\/p>\n","protected":false},"excerpt":{"rendered":"<p>Our library, made from 100% natural beech wood, features a 360-degree rotation capability, three main shelves, and six side shelves, making the classic library design more fun and functional.<\/p>\n","protected":false},"featured_media":583,"comment_status":"open","ping_status":"closed","template":"","meta":{"_acf_changed":false,"inline_featured_image":false},"product_brand":[],"product_cat":[112,108,114,121],"product_tag":[],"class_list":{"0":"post-1074","1":"product","2":"type-product","3":"status-publish","4":"has-post-thumbnail","6":"product_cat-trainer","7":"product_cat-childrens-room","8":"product_cat-general","9":"product_cat-bestsellers","11":"first","12":"instock","13":"shipping-taxable","14":"purchasable","15":"product-type-simple"},"acf":[],"yoast_head":"<!-- This site is optimized with the Yoast SEO plugin v24.7 - https:\/\/yoast.com\/wordpress\/plugins\/seo\/ -->\n<title>Library - Larisa &amp; Pumpkin | For Kids<\/title>\n<meta name=\"description\" content=\"Our library, made from 100% natural beech wood, features a 360-degree rotation capability, three main shelves, and six side shelves, making the classic library design more fun and functional.\" \/>\n<meta name=\"robots\" content=\"index, follow, max-snippet:-1, max-image-preview:large, max-video-preview:-1\" \/>\n<link rel=\"canonical\" href=\"https:\/\/larisaandpumpkin.com\/urun\/kutuphane\/\" \/>\n<meta property=\"og:locale\" content=\"en_US\" \/>\n<meta property=\"og:type\" content=\"article\" \/>\n<meta property=\"og:title\" content=\"Library - Larisa &amp; Pumpkin | For Kids\" \/>\n<meta property=\"og:description\" content=\"Our library, made from 100% natural beech wood, features a 360-degree rotation capability, three main shelves, and six side shelves, making the classic library design more fun and functional.\" \/>\n<meta property=\"og:url\" content=\"https:\/\/larisaandpumpkin.com\/urun\/kutuphane\/\" \/>\n<meta property=\"og:site_name\" content=\"Larisa &amp; Pumpkin | For Kids\" \/>\n<meta property=\"article:modified_time\" content=\"2025-12-02T09:12:31+00:00\" \/>\n<meta property=\"og:image\" content=\"https:\/\/larisaandpumpkin.com\/wp-content\/uploads\/2022\/05\/1_Larisa_and_Pumpkin_Kutuphane.jpg\" \/>\n\t<meta property=\"og:image:width\" content=\"900\" \/>\n\t<meta property=\"og:image:height\" content=\"900\" \/>\n\t<meta property=\"og:image:type\" content=\"image\/jpeg\" \/>\n<meta name=\"twitter:card\" content=\"summary_large_image\" \/>\n<script type=\"application\/ld+json\" class=\"yoast-schema-graph\">{\"@context\":\"https:\/\/schema.org\",\"@graph\":[{\"@type\":\"WebPage\",\"@id\":\"https:\/\/larisaandpumpkin.com\/urun\/kutuphane\/\",\"url\":\"https:\/\/larisaandpumpkin.com\/urun\/kutuphane\/\",\"name\":\"Library - Larisa &amp; Pumpkin | For Kids\",\"isPartOf\":{\"@id\":\"https:\/\/larisaandpumpkin.com\/#website\"},\"primaryImageOfPage\":{\"@id\":\"https:\/\/larisaandpumpkin.com\/urun\/kutuphane\/#primaryimage\"},\"image\":{\"@id\":\"https:\/\/larisaandpumpkin.com\/urun\/kutuphane\/#primaryimage\"},\"thumbnailUrl\":\"https:\/\/larisaandpumpkin.com\/wp-content\/uploads\/2022\/05\/1_Larisa_and_Pumpkin_Kutuphane.jpg\",\"datePublished\":\"2022-05-22T04:21:44+00:00\",\"dateModified\":\"2025-12-02T09:12:31+00:00\",\"description\":\"Our library, made from 100% natural beech wood, features a 360-degree rotation capability, three main shelves, and six side shelves, making the classic library design more fun and functional.\",\"breadcrumb\":{\"@id\":\"https:\/\/larisaandpumpkin.com\/urun\/kutuphane\/#breadcrumb\"},\"inLanguage\":\"en-US\",\"potentialAction\":[{\"@type\":\"ReadAction\",\"target\":[\"https:\/\/larisaandpumpkin.com\/urun\/kutuphane\/\"]}]},{\"@type\":\"ImageObject\",\"inLanguage\":\"en-US\",\"@id\":\"https:\/\/larisaandpumpkin.com\/urun\/kutuphane\/#primaryimage\",\"url\":\"https:\/\/larisaandpumpkin.com\/wp-content\/uploads\/2022\/05\/1_Larisa_and_Pumpkin_Kutuphane.jpg\",\"contentUrl\":\"https:\/\/larisaandpumpkin.com\/wp-content\/uploads\/2022\/05\/1_Larisa_and_Pumpkin_Kutuphane.jpg\",\"width\":900,\"height\":900},{\"@type\":\"BreadcrumbList\",\"@id\":\"https:\/\/larisaandpumpkin.com\/urun\/kutuphane\/#breadcrumb\",\"itemListElement\":[{\"@type\":\"ListItem\",\"position\":1,\"name\":\"Anasayfa\",\"item\":\"https:\/\/larisaandpumpkin.com\/en\/\"},{\"@type\":\"ListItem\",\"position\":2,\"name\":\"Shop\",\"item\":\"https:\/\/larisaandpumpkin.com\/en\/shop\/\"},{\"@type\":\"ListItem\",\"position\":3,\"name\":\"Library\"}]},{\"@type\":\"WebSite\",\"@id\":\"https:\/\/larisaandpumpkin.com\/#website\",\"url\":\"https:\/\/larisaandpumpkin.com\/\",\"name\":\"Larisa &amp; Pumpkin | For Kids\",\"description\":\"En b\u00fcy\u00fck tutkumuz ise hala ayn\u0131; minikleri e\u011flendirirken geli\u015fimlerini de destekleyecek kaliteli ve g\u00fcvenli \u00fcr\u00fcnler tasarlamak!\",\"potentialAction\":[{\"@type\":\"SearchAction\",\"target\":{\"@type\":\"EntryPoint\",\"urlTemplate\":\"https:\/\/larisaandpumpkin.com\/?s={search_term_string}\"},\"query-input\":{\"@type\":\"PropertyValueSpecification\",\"valueRequired\":true,\"valueName\":\"search_term_string\"}}],\"inLanguage\":\"en-US\"}]}<\/script>\n<!-- \/ Yoast SEO plugin. -->","yoast_head_json":{"title":"Library - Larisa &amp; Pumpkin | For Kids","description":"Our library, made from 100% natural beech wood, features a 360-degree rotation capability, three main shelves, and six side shelves, making the classic library design more fun and functional.","robots":{"index":"index","follow":"follow","max-snippet":"max-snippet:-1","max-image-preview":"max-image-preview:large","max-video-preview":"max-video-preview:-1"},"canonical":"https:\/\/larisaandpumpkin.com\/urun\/kutuphane\/","og_locale":"en_US","og_type":"article","og_title":"Library - Larisa &amp; Pumpkin | For Kids","og_description":"Our library, made from 100% natural beech wood, features a 360-degree rotation capability, three main shelves, and six side shelves, making the classic library design more fun and functional.","og_url":"https:\/\/larisaandpumpkin.com\/urun\/kutuphane\/","og_site_name":"Larisa &amp; Pumpkin | For Kids","article_modified_time":"2025-12-02T09:12:31+00:00","og_image":[{"width":900,"height":900,"url":"https:\/\/larisaandpumpkin.com\/wp-content\/uploads\/2022\/05\/1_Larisa_and_Pumpkin_Kutuphane.jpg","type":"image\/jpeg"}],"twitter_card":"summary_large_image","schema":{"@context":"https:\/\/schema.org","@graph":[{"@type":"WebPage","@id":"https:\/\/larisaandpumpkin.com\/urun\/kutuphane\/","url":"https:\/\/larisaandpumpkin.com\/urun\/kutuphane\/","name":"Library - Larisa &amp; Pumpkin | For Kids","isPartOf":{"@id":"https:\/\/larisaandpumpkin.com\/#website"},"primaryImageOfPage":{"@id":"https:\/\/larisaandpumpkin.com\/urun\/kutuphane\/#primaryimage"},"image":{"@id":"https:\/\/larisaandpumpkin.com\/urun\/kutuphane\/#primaryimage"},"thumbnailUrl":"https:\/\/larisaandpumpkin.com\/wp-content\/uploads\/2022\/05\/1_Larisa_and_Pumpkin_Kutuphane.jpg","datePublished":"2022-05-22T04:21:44+00:00","dateModified":"2025-12-02T09:12:31+00:00","description":"Our library, made from 100% natural beech wood, features a 360-degree rotation capability, three main shelves, and six side shelves, making the classic library design more fun and functional.","breadcrumb":{"@id":"https:\/\/larisaandpumpkin.com\/urun\/kutuphane\/#breadcrumb"},"inLanguage":"en-US","potentialAction":[{"@type":"ReadAction","target":["https:\/\/larisaandpumpkin.com\/urun\/kutuphane\/"]}]},{"@type":"ImageObject","inLanguage":"en-US","@id":"https:\/\/larisaandpumpkin.com\/urun\/kutuphane\/#primaryimage","url":"https:\/\/larisaandpumpkin.com\/wp-content\/uploads\/2022\/05\/1_Larisa_and_Pumpkin_Kutuphane.jpg","contentUrl":"https:\/\/larisaandpumpkin.com\/wp-content\/uploads\/2022\/05\/1_Larisa_and_Pumpkin_Kutuphane.jpg","width":900,"height":900},{"@type":"BreadcrumbList","@id":"https:\/\/larisaandpumpkin.com\/urun\/kutuphane\/#breadcrumb","itemListElement":[{"@type":"ListItem","position":1,"name":"Anasayfa","item":"https:\/\/larisaandpumpkin.com\/en\/"},{"@type":"ListItem","position":2,"name":"Shop","item":"https:\/\/larisaandpumpkin.com\/en\/shop\/"},{"@type":"ListItem","position":3,"name":"Library"}]},{"@type":"WebSite","@id":"https:\/\/larisaandpumpkin.com\/#website","url":"https:\/\/larisaandpumpkin.com\/","name":"Larisa &amp; Pumpkin | For Kids","description":"En b\u00fcy\u00fck tutkumuz ise hala ayn\u0131; minikleri e\u011flendirirken geli\u015fimlerini de destekleyecek kaliteli ve g\u00fcvenli \u00fcr\u00fcnler tasarlamak!","potentialAction":[{"@type":"SearchAction","target":{"@type":"EntryPoint","urlTemplate":"https:\/\/larisaandpumpkin.com\/?s={search_term_string}"},"query-input":{"@type":"PropertyValueSpecification","valueRequired":true,"valueName":"search_term_string"}}],"inLanguage":"en-US"}]}},"_links":{"self":[{"href":"https:\/\/larisaandpumpkin.com\/en\/wp-json\/wp\/v2\/product\/1074","targetHints":{"allow":["GET"]}}],"collection":[{"href":"https:\/\/larisaandpumpkin.com\/en\/wp-json\/wp\/v2\/product"}],"about":[{"href":"https:\/\/larisaandpumpkin.com\/en\/wp-json\/wp\/v2\/types\/product"}],"replies":[{"embeddable":true,"href":"https:\/\/larisaandpumpkin.com\/en\/wp-json\/wp\/v2\/comments?post=1074"}],"wp:featuredmedia":[{"embeddable":true,"href":"https:\/\/larisaandpumpkin.com\/en\/wp-json\/wp\/v2\/media\/583"}],"wp:attachment":[{"href":"https:\/\/larisaandpumpkin.com\/en\/wp-json\/wp\/v2\/media?parent=1074"}],"wp:term":[{"taxonomy":"product_brand","embeddable":true,"href":"https:\/\/larisaandpumpkin.com\/en\/wp-json\/wp\/v2\/product_brand?post=1074"},{"taxonomy":"product_cat","embeddable":true,"href":"https:\/\/larisaandpumpkin.com\/en\/wp-json\/wp\/v2\/product_cat?post=1074"},{"taxonomy":"product_tag","embeddable":true,"href":"https:\/\/larisaandpumpkin.com\/en\/wp-json\/wp\/v2\/product_tag?post=1074"}],"curies":[{"name":"wp","href":"https:\/\/api.w.org\/{rel}","templated":true}]}}