{"id":1051,"date":"2022-05-10T15:48:00","date_gmt":"2022-05-22T04:13:41","guid":{"rendered":"https:\/\/larisaandpumpkin.com\/product\/black-ball-pool-cover\/"},"modified":"2025-12-02T12:12:36","modified_gmt":"2025-12-02T09:12:36","slug":"black-ball-pool-cover","status":"publish","type":"product","link":"https:\/\/larisaandpumpkin.com\/en\/product\/black-ball-pool-cover\/","title":{"rendered":"Ball Pit Covers"},"content":{"rendered":"<p>Larisa and Pumpkin\u2019s modern and stylish ball pits guarantee to keep your baby entertained for hours! The ball pits are not only for fun but are also great for developing your baby\u2019s gross and fine motor skills! Larisa and Pumpkin ball pits are available in gray, black, powder pink, and green. Each ball pit is covered with fabric made of 95% cotton and 5% elastane, and the zippered cover can be easily removed and washed in the washing machine.<\/p>\n","protected":false},"excerpt":{"rendered":"<p>With the Larisa and Pumpkin ball pit cover, you can easily access ball pits in different colors.<\/p>\n","protected":false},"featured_media":699,"comment_status":"open","ping_status":"closed","template":"","meta":{"_acf_changed":false,"inline_featured_image":false},"product_brand":[],"product_cat":[116],"product_tag":[],"class_list":{"0":"post-1051","1":"product","2":"type-product","3":"status-publish","4":"has-post-thumbnail","6":"product_cat-game","7":"pa_renk-beige-melange","8":"pa_renk-black","9":"pa_renk-gray","10":"pa_renk-light-grey","11":"pa_renk-mint-en","12":"pa_renk-mustard","13":"pa_renk-pink","14":"pa_renk-powder","15":"pa_renk-marble","17":"first","18":"instock","19":"shipping-taxable","20":"purchasable","21":"product-type-variable"},"acf":[],"yoast_head":"<!-- This site is optimized with the Yoast SEO plugin v24.7 - https:\/\/yoast.com\/wordpress\/plugins\/seo\/ -->\n<title>Ball Pit Covers - Larisa &amp; Pumpkin | For Kids<\/title>\n<meta name=\"description\" content=\"With the Larisa and Pumpkin ball pit cover, you can easily access ball pits in different colors.\" \/>\n<meta name=\"robots\" content=\"index, follow, max-snippet:-1, max-image-preview:large, max-video-preview:-1\" \/>\n<link rel=\"canonical\" href=\"https:\/\/larisaandpumpkin.com\/en\/product\/black-ball-pool-cover\/\" \/>\n<meta property=\"og:locale\" content=\"en_US\" \/>\n<meta property=\"og:type\" content=\"article\" \/>\n<meta property=\"og:title\" content=\"Ball Pit Covers - Larisa &amp; Pumpkin | For Kids\" \/>\n<meta property=\"og:description\" content=\"With the Larisa and Pumpkin ball pit cover, you can easily access ball pits in different colors.\" \/>\n<meta property=\"og:url\" content=\"https:\/\/larisaandpumpkin.com\/en\/product\/black-ball-pool-cover\/\" \/>\n<meta property=\"og:site_name\" content=\"Larisa &amp; Pumpkin | For Kids\" \/>\n<meta property=\"article:modified_time\" content=\"2025-12-02T09:12:36+00:00\" \/>\n<meta property=\"og:image\" content=\"https:\/\/larisaandpumpkin.com\/wp-content\/uploads\/2022\/05\/1_Larisa_and_Pumpkin_Siyah_Top_Havuzu_Kilifi.jpg\" \/>\n\t<meta property=\"og:image:width\" content=\"900\" \/>\n\t<meta property=\"og:image:height\" content=\"900\" \/>\n\t<meta property=\"og:image:type\" content=\"image\/jpeg\" \/>\n<meta name=\"twitter:card\" content=\"summary_large_image\" \/>\n<script type=\"application\/ld+json\" class=\"yoast-schema-graph\">{\"@context\":\"https:\/\/schema.org\",\"@graph\":[{\"@type\":\"WebPage\",\"@id\":\"https:\/\/larisaandpumpkin.com\/en\/product\/black-ball-pool-cover\/\",\"url\":\"https:\/\/larisaandpumpkin.com\/en\/product\/black-ball-pool-cover\/\",\"name\":\"Ball Pit Covers - Larisa &amp; Pumpkin | For Kids\",\"isPartOf\":{\"@id\":\"https:\/\/larisaandpumpkin.com\/#website\"},\"primaryImageOfPage\":{\"@id\":\"https:\/\/larisaandpumpkin.com\/en\/product\/black-ball-pool-cover\/#primaryimage\"},\"image\":{\"@id\":\"https:\/\/larisaandpumpkin.com\/en\/product\/black-ball-pool-cover\/#primaryimage\"},\"thumbnailUrl\":\"https:\/\/larisaandpumpkin.com\/wp-content\/uploads\/2022\/05\/1_Larisa_and_Pumpkin_Siyah_Top_Havuzu_Kilifi.jpg\",\"datePublished\":\"2022-05-22T04:13:41+00:00\",\"dateModified\":\"2025-12-02T09:12:36+00:00\",\"description\":\"With the Larisa and Pumpkin ball pit cover, you can easily access ball pits in different colors.\",\"breadcrumb\":{\"@id\":\"https:\/\/larisaandpumpkin.com\/en\/product\/black-ball-pool-cover\/#breadcrumb\"},\"inLanguage\":\"en-US\",\"potentialAction\":[{\"@type\":\"ReadAction\",\"target\":[\"https:\/\/larisaandpumpkin.com\/en\/product\/black-ball-pool-cover\/\"]}]},{\"@type\":\"ImageObject\",\"inLanguage\":\"en-US\",\"@id\":\"https:\/\/larisaandpumpkin.com\/en\/product\/black-ball-pool-cover\/#primaryimage\",\"url\":\"https:\/\/larisaandpumpkin.com\/wp-content\/uploads\/2022\/05\/1_Larisa_and_Pumpkin_Siyah_Top_Havuzu_Kilifi.jpg\",\"contentUrl\":\"https:\/\/larisaandpumpkin.com\/wp-content\/uploads\/2022\/05\/1_Larisa_and_Pumpkin_Siyah_Top_Havuzu_Kilifi.jpg\",\"width\":900,\"height\":900},{\"@type\":\"BreadcrumbList\",\"@id\":\"https:\/\/larisaandpumpkin.com\/en\/product\/black-ball-pool-cover\/#breadcrumb\",\"itemListElement\":[{\"@type\":\"ListItem\",\"position\":1,\"name\":\"Anasayfa\",\"item\":\"https:\/\/larisaandpumpkin.com\/en\/\"},{\"@type\":\"ListItem\",\"position\":2,\"name\":\"Shop\",\"item\":\"https:\/\/larisaandpumpkin.com\/en\/shop\/\"},{\"@type\":\"ListItem\",\"position\":3,\"name\":\"Ball Pit Covers\"}]},{\"@type\":\"WebSite\",\"@id\":\"https:\/\/larisaandpumpkin.com\/#website\",\"url\":\"https:\/\/larisaandpumpkin.com\/\",\"name\":\"Larisa &amp; Pumpkin | For Kids\",\"description\":\"En b\u00fcy\u00fck tutkumuz ise hala ayn\u0131; minikleri e\u011flendirirken geli\u015fimlerini de destekleyecek kaliteli ve g\u00fcvenli \u00fcr\u00fcnler tasarlamak!\",\"potentialAction\":[{\"@type\":\"SearchAction\",\"target\":{\"@type\":\"EntryPoint\",\"urlTemplate\":\"https:\/\/larisaandpumpkin.com\/?s={search_term_string}\"},\"query-input\":{\"@type\":\"PropertyValueSpecification\",\"valueRequired\":true,\"valueName\":\"search_term_string\"}}],\"inLanguage\":\"en-US\"}]}<\/script>\n<!-- \/ Yoast SEO plugin. -->","yoast_head_json":{"title":"Ball Pit Covers - Larisa &amp; Pumpkin | For Kids","description":"With the Larisa and Pumpkin ball pit cover, you can easily access ball pits in different colors.","robots":{"index":"index","follow":"follow","max-snippet":"max-snippet:-1","max-image-preview":"max-image-preview:large","max-video-preview":"max-video-preview:-1"},"canonical":"https:\/\/larisaandpumpkin.com\/en\/product\/black-ball-pool-cover\/","og_locale":"en_US","og_type":"article","og_title":"Ball Pit Covers - Larisa &amp; Pumpkin | For Kids","og_description":"With the Larisa and Pumpkin ball pit cover, you can easily access ball pits in different colors.","og_url":"https:\/\/larisaandpumpkin.com\/en\/product\/black-ball-pool-cover\/","og_site_name":"Larisa &amp; Pumpkin | For Kids","article_modified_time":"2025-12-02T09:12:36+00:00","og_image":[{"width":900,"height":900,"url":"https:\/\/larisaandpumpkin.com\/wp-content\/uploads\/2022\/05\/1_Larisa_and_Pumpkin_Siyah_Top_Havuzu_Kilifi.jpg","type":"image\/jpeg"}],"twitter_card":"summary_large_image","schema":{"@context":"https:\/\/schema.org","@graph":[{"@type":"WebPage","@id":"https:\/\/larisaandpumpkin.com\/en\/product\/black-ball-pool-cover\/","url":"https:\/\/larisaandpumpkin.com\/en\/product\/black-ball-pool-cover\/","name":"Ball Pit Covers - Larisa &amp; Pumpkin | For Kids","isPartOf":{"@id":"https:\/\/larisaandpumpkin.com\/#website"},"primaryImageOfPage":{"@id":"https:\/\/larisaandpumpkin.com\/en\/product\/black-ball-pool-cover\/#primaryimage"},"image":{"@id":"https:\/\/larisaandpumpkin.com\/en\/product\/black-ball-pool-cover\/#primaryimage"},"thumbnailUrl":"https:\/\/larisaandpumpkin.com\/wp-content\/uploads\/2022\/05\/1_Larisa_and_Pumpkin_Siyah_Top_Havuzu_Kilifi.jpg","datePublished":"2022-05-22T04:13:41+00:00","dateModified":"2025-12-02T09:12:36+00:00","description":"With the Larisa and Pumpkin ball pit cover, you can easily access ball pits in different colors.","breadcrumb":{"@id":"https:\/\/larisaandpumpkin.com\/en\/product\/black-ball-pool-cover\/#breadcrumb"},"inLanguage":"en-US","potentialAction":[{"@type":"ReadAction","target":["https:\/\/larisaandpumpkin.com\/en\/product\/black-ball-pool-cover\/"]}]},{"@type":"ImageObject","inLanguage":"en-US","@id":"https:\/\/larisaandpumpkin.com\/en\/product\/black-ball-pool-cover\/#primaryimage","url":"https:\/\/larisaandpumpkin.com\/wp-content\/uploads\/2022\/05\/1_Larisa_and_Pumpkin_Siyah_Top_Havuzu_Kilifi.jpg","contentUrl":"https:\/\/larisaandpumpkin.com\/wp-content\/uploads\/2022\/05\/1_Larisa_and_Pumpkin_Siyah_Top_Havuzu_Kilifi.jpg","width":900,"height":900},{"@type":"BreadcrumbList","@id":"https:\/\/larisaandpumpkin.com\/en\/product\/black-ball-pool-cover\/#breadcrumb","itemListElement":[{"@type":"ListItem","position":1,"name":"Anasayfa","item":"https:\/\/larisaandpumpkin.com\/en\/"},{"@type":"ListItem","position":2,"name":"Shop","item":"https:\/\/larisaandpumpkin.com\/en\/shop\/"},{"@type":"ListItem","position":3,"name":"Ball Pit Covers"}]},{"@type":"WebSite","@id":"https:\/\/larisaandpumpkin.com\/#website","url":"https:\/\/larisaandpumpkin.com\/","name":"Larisa &amp; Pumpkin | For Kids","description":"En b\u00fcy\u00fck tutkumuz ise hala ayn\u0131; minikleri e\u011flendirirken geli\u015fimlerini de destekleyecek kaliteli ve g\u00fcvenli \u00fcr\u00fcnler tasarlamak!","potentialAction":[{"@type":"SearchAction","target":{"@type":"EntryPoint","urlTemplate":"https:\/\/larisaandpumpkin.com\/?s={search_term_string}"},"query-input":{"@type":"PropertyValueSpecification","valueRequired":true,"valueName":"search_term_string"}}],"inLanguage":"en-US"}]}},"_links":{"self":[{"href":"https:\/\/larisaandpumpkin.com\/en\/wp-json\/wp\/v2\/product\/1051","targetHints":{"allow":["GET"]}}],"collection":[{"href":"https:\/\/larisaandpumpkin.com\/en\/wp-json\/wp\/v2\/product"}],"about":[{"href":"https:\/\/larisaandpumpkin.com\/en\/wp-json\/wp\/v2\/types\/product"}],"replies":[{"embeddable":true,"href":"https:\/\/larisaandpumpkin.com\/en\/wp-json\/wp\/v2\/comments?post=1051"}],"wp:featuredmedia":[{"embeddable":true,"href":"https:\/\/larisaandpumpkin.com\/en\/wp-json\/wp\/v2\/media\/699"}],"wp:attachment":[{"href":"https:\/\/larisaandpumpkin.com\/en\/wp-json\/wp\/v2\/media?parent=1051"}],"wp:term":[{"taxonomy":"product_brand","embeddable":true,"href":"https:\/\/larisaandpumpkin.com\/en\/wp-json\/wp\/v2\/product_brand?post=1051"},{"taxonomy":"product_cat","embeddable":true,"href":"https:\/\/larisaandpumpkin.com\/en\/wp-json\/wp\/v2\/product_cat?post=1051"},{"taxonomy":"product_tag","embeddable":true,"href":"https:\/\/larisaandpumpkin.com\/en\/wp-json\/wp\/v2\/product_tag?post=1051"}],"curies":[{"name":"wp","href":"https:\/\/api.w.org\/{rel}","templated":true}]}}