{"id":1031,"date":"2022-05-12T13:33:00","date_gmt":"2022-05-12T10:33:00","guid":{"rendered":"https:\/\/larisaandpumpkin.com\/product\/make-your-ball-pool\/"},"modified":"2026-04-03T16:43:15","modified_gmt":"2026-04-03T13:43:15","slug":"make-your-ball-pool","status":"publish","type":"product","link":"https:\/\/larisaandpumpkin.com\/en\/product\/make-your-ball-pool\/","title":{"rendered":"Make Your Ball Pool"},"content":{"rendered":"<p>The balls are made of non-toxic plastic that does not contain azo dyes and are CE certified. They are safe for children and odorless. Each ball pit is covered with fabric made of 95% cotton and 5% elastane, and the zippered cover can be easily removed and washed in the washing machine. The soft foam used naturally deforms to provide easy and safe access for your child at every pass and returns to its beautiful appearance. The ball pit is suitable for children who can sit up unsupported. Children playing in the ball pit should always be supervised by an adult.<\/p>\n","protected":false},"excerpt":{"rendered":"<p>Create your own Larisa and Pumpkin ball pit. You can customize your order by choosing the color of the ball pit and up to three different ball color combinations. Each net contains 66 balls, and with three color choices, you will have a total of 198 balls.   <\/p>\n","protected":false},"featured_media":837,"comment_status":"open","ping_status":"closed","template":"","meta":{"_acf_changed":false,"inline_featured_image":false},"product_brand":[],"product_cat":[30],"product_tag":[],"class_list":{"0":"post-1031","1":"product","2":"type-product","3":"status-publish","4":"has-post-thumbnail","6":"product_cat-oyun","8":"first","9":"outofstock","10":"shipping-taxable","11":"purchasable","12":"product-type-simple"},"acf":[],"yoast_head":"<!-- This site is optimized with the Yoast SEO plugin v24.7 - https:\/\/yoast.com\/wordpress\/plugins\/seo\/ -->\n<title>Make Your Ball Pool - Larisa &amp; Pumpkin | For Kids<\/title>\n<meta name=\"description\" content=\"Create your own Larisa and Pumpkin ball pit. You can customize your order by choosing the color of the ball pit and up to three different ball color combinations. Each net contains 66 balls, so with three ball color choices, you will have a total of 198 balls.\" \/>\n<meta name=\"robots\" content=\"index, follow, max-snippet:-1, max-image-preview:large, max-video-preview:-1\" \/>\n<link rel=\"canonical\" href=\"https:\/\/larisaandpumpkin.com\/en\/product\/make-your-ball-pool\/\" \/>\n<meta property=\"og:locale\" content=\"en_US\" \/>\n<meta property=\"og:type\" content=\"article\" \/>\n<meta property=\"og:title\" content=\"Make Your Ball Pool - Larisa &amp; Pumpkin | For Kids\" \/>\n<meta property=\"og:description\" content=\"Create your own Larisa and Pumpkin ball pit. You can customize your order by choosing the color of the ball pit and up to three different ball color combinations. Each net contains 66 balls, so with three ball color choices, you will have a total of 198 balls.\" \/>\n<meta property=\"og:url\" content=\"https:\/\/larisaandpumpkin.com\/en\/product\/make-your-ball-pool\/\" \/>\n<meta property=\"og:site_name\" content=\"Larisa &amp; Pumpkin | For Kids\" \/>\n<meta property=\"article:modified_time\" content=\"2026-04-03T13:43:15+00:00\" \/>\n<meta property=\"og:image\" content=\"https:\/\/larisaandpumpkin.com\/wp-content\/uploads\/2022\/05\/Larisa_and_Pumpkin_Kisisel_Top_Havuzu_yeni.jpg\" \/>\n\t<meta property=\"og:image:width\" content=\"900\" \/>\n\t<meta property=\"og:image:height\" content=\"900\" \/>\n\t<meta property=\"og:image:type\" content=\"image\/jpeg\" \/>\n<meta name=\"twitter:card\" content=\"summary_large_image\" \/>\n<script type=\"application\/ld+json\" class=\"yoast-schema-graph\">{\"@context\":\"https:\/\/schema.org\",\"@graph\":[{\"@type\":\"WebPage\",\"@id\":\"https:\/\/larisaandpumpkin.com\/en\/product\/make-your-ball-pool\/\",\"url\":\"https:\/\/larisaandpumpkin.com\/en\/product\/make-your-ball-pool\/\",\"name\":\"Make Your Ball Pool - Larisa &amp; Pumpkin | For Kids\",\"isPartOf\":{\"@id\":\"https:\/\/larisaandpumpkin.com\/#website\"},\"primaryImageOfPage\":{\"@id\":\"https:\/\/larisaandpumpkin.com\/en\/product\/make-your-ball-pool\/#primaryimage\"},\"image\":{\"@id\":\"https:\/\/larisaandpumpkin.com\/en\/product\/make-your-ball-pool\/#primaryimage\"},\"thumbnailUrl\":\"https:\/\/larisaandpumpkin.com\/wp-content\/uploads\/2022\/05\/Larisa_and_Pumpkin_Kisisel_Top_Havuzu_yeni.jpg\",\"datePublished\":\"2022-05-12T10:33:00+00:00\",\"dateModified\":\"2026-04-03T13:43:15+00:00\",\"description\":\"Create your own Larisa and Pumpkin ball pit. You can customize your order by choosing the color of the ball pit and up to three different ball color combinations. Each net contains 66 balls, so with three ball color choices, you will have a total of 198 balls.\",\"breadcrumb\":{\"@id\":\"https:\/\/larisaandpumpkin.com\/en\/product\/make-your-ball-pool\/#breadcrumb\"},\"inLanguage\":\"en-US\",\"potentialAction\":[{\"@type\":\"ReadAction\",\"target\":[\"https:\/\/larisaandpumpkin.com\/en\/product\/make-your-ball-pool\/\"]}]},{\"@type\":\"ImageObject\",\"inLanguage\":\"en-US\",\"@id\":\"https:\/\/larisaandpumpkin.com\/en\/product\/make-your-ball-pool\/#primaryimage\",\"url\":\"https:\/\/larisaandpumpkin.com\/wp-content\/uploads\/2022\/05\/Larisa_and_Pumpkin_Kisisel_Top_Havuzu_yeni.jpg\",\"contentUrl\":\"https:\/\/larisaandpumpkin.com\/wp-content\/uploads\/2022\/05\/Larisa_and_Pumpkin_Kisisel_Top_Havuzu_yeni.jpg\",\"width\":900,\"height\":900},{\"@type\":\"BreadcrumbList\",\"@id\":\"https:\/\/larisaandpumpkin.com\/en\/product\/make-your-ball-pool\/#breadcrumb\",\"itemListElement\":[{\"@type\":\"ListItem\",\"position\":1,\"name\":\"Anasayfa\",\"item\":\"https:\/\/larisaandpumpkin.com\/en\/\"},{\"@type\":\"ListItem\",\"position\":2,\"name\":\"Shop\",\"item\":\"https:\/\/larisaandpumpkin.com\/en\/shop\/\"},{\"@type\":\"ListItem\",\"position\":3,\"name\":\"Make Your Ball Pool\"}]},{\"@type\":\"WebSite\",\"@id\":\"https:\/\/larisaandpumpkin.com\/#website\",\"url\":\"https:\/\/larisaandpumpkin.com\/\",\"name\":\"Larisa &amp; Pumpkin | For Kids\",\"description\":\"En b\u00fcy\u00fck tutkumuz ise hala ayn\u0131; minikleri e\u011flendirirken geli\u015fimlerini de destekleyecek kaliteli ve g\u00fcvenli \u00fcr\u00fcnler tasarlamak!\",\"potentialAction\":[{\"@type\":\"SearchAction\",\"target\":{\"@type\":\"EntryPoint\",\"urlTemplate\":\"https:\/\/larisaandpumpkin.com\/?s={search_term_string}\"},\"query-input\":{\"@type\":\"PropertyValueSpecification\",\"valueRequired\":true,\"valueName\":\"search_term_string\"}}],\"inLanguage\":\"en-US\"}]}<\/script>\n<!-- \/ Yoast SEO plugin. -->","yoast_head_json":{"title":"Make Your Ball Pool - Larisa &amp; Pumpkin | For Kids","description":"Create your own Larisa and Pumpkin ball pit. You can customize your order by choosing the color of the ball pit and up to three different ball color combinations. Each net contains 66 balls, so with three ball color choices, you will have a total of 198 balls.","robots":{"index":"index","follow":"follow","max-snippet":"max-snippet:-1","max-image-preview":"max-image-preview:large","max-video-preview":"max-video-preview:-1"},"canonical":"https:\/\/larisaandpumpkin.com\/en\/product\/make-your-ball-pool\/","og_locale":"en_US","og_type":"article","og_title":"Make Your Ball Pool - Larisa &amp; Pumpkin | For Kids","og_description":"Create your own Larisa and Pumpkin ball pit. You can customize your order by choosing the color of the ball pit and up to three different ball color combinations. Each net contains 66 balls, so with three ball color choices, you will have a total of 198 balls.","og_url":"https:\/\/larisaandpumpkin.com\/en\/product\/make-your-ball-pool\/","og_site_name":"Larisa &amp; Pumpkin | For Kids","article_modified_time":"2026-04-03T13:43:15+00:00","og_image":[{"width":900,"height":900,"url":"https:\/\/larisaandpumpkin.com\/wp-content\/uploads\/2022\/05\/Larisa_and_Pumpkin_Kisisel_Top_Havuzu_yeni.jpg","type":"image\/jpeg"}],"twitter_card":"summary_large_image","schema":{"@context":"https:\/\/schema.org","@graph":[{"@type":"WebPage","@id":"https:\/\/larisaandpumpkin.com\/en\/product\/make-your-ball-pool\/","url":"https:\/\/larisaandpumpkin.com\/en\/product\/make-your-ball-pool\/","name":"Make Your Ball Pool - Larisa &amp; Pumpkin | For Kids","isPartOf":{"@id":"https:\/\/larisaandpumpkin.com\/#website"},"primaryImageOfPage":{"@id":"https:\/\/larisaandpumpkin.com\/en\/product\/make-your-ball-pool\/#primaryimage"},"image":{"@id":"https:\/\/larisaandpumpkin.com\/en\/product\/make-your-ball-pool\/#primaryimage"},"thumbnailUrl":"https:\/\/larisaandpumpkin.com\/wp-content\/uploads\/2022\/05\/Larisa_and_Pumpkin_Kisisel_Top_Havuzu_yeni.jpg","datePublished":"2022-05-12T10:33:00+00:00","dateModified":"2026-04-03T13:43:15+00:00","description":"Create your own Larisa and Pumpkin ball pit. You can customize your order by choosing the color of the ball pit and up to three different ball color combinations. Each net contains 66 balls, so with three ball color choices, you will have a total of 198 balls.","breadcrumb":{"@id":"https:\/\/larisaandpumpkin.com\/en\/product\/make-your-ball-pool\/#breadcrumb"},"inLanguage":"en-US","potentialAction":[{"@type":"ReadAction","target":["https:\/\/larisaandpumpkin.com\/en\/product\/make-your-ball-pool\/"]}]},{"@type":"ImageObject","inLanguage":"en-US","@id":"https:\/\/larisaandpumpkin.com\/en\/product\/make-your-ball-pool\/#primaryimage","url":"https:\/\/larisaandpumpkin.com\/wp-content\/uploads\/2022\/05\/Larisa_and_Pumpkin_Kisisel_Top_Havuzu_yeni.jpg","contentUrl":"https:\/\/larisaandpumpkin.com\/wp-content\/uploads\/2022\/05\/Larisa_and_Pumpkin_Kisisel_Top_Havuzu_yeni.jpg","width":900,"height":900},{"@type":"BreadcrumbList","@id":"https:\/\/larisaandpumpkin.com\/en\/product\/make-your-ball-pool\/#breadcrumb","itemListElement":[{"@type":"ListItem","position":1,"name":"Anasayfa","item":"https:\/\/larisaandpumpkin.com\/en\/"},{"@type":"ListItem","position":2,"name":"Shop","item":"https:\/\/larisaandpumpkin.com\/en\/shop\/"},{"@type":"ListItem","position":3,"name":"Make Your Ball Pool"}]},{"@type":"WebSite","@id":"https:\/\/larisaandpumpkin.com\/#website","url":"https:\/\/larisaandpumpkin.com\/","name":"Larisa &amp; Pumpkin | For Kids","description":"En b\u00fcy\u00fck tutkumuz ise hala ayn\u0131; minikleri e\u011flendirirken geli\u015fimlerini de destekleyecek kaliteli ve g\u00fcvenli \u00fcr\u00fcnler tasarlamak!","potentialAction":[{"@type":"SearchAction","target":{"@type":"EntryPoint","urlTemplate":"https:\/\/larisaandpumpkin.com\/?s={search_term_string}"},"query-input":{"@type":"PropertyValueSpecification","valueRequired":true,"valueName":"search_term_string"}}],"inLanguage":"en-US"}]}},"_links":{"self":[{"href":"https:\/\/larisaandpumpkin.com\/en\/wp-json\/wp\/v2\/product\/1031","targetHints":{"allow":["GET"]}}],"collection":[{"href":"https:\/\/larisaandpumpkin.com\/en\/wp-json\/wp\/v2\/product"}],"about":[{"href":"https:\/\/larisaandpumpkin.com\/en\/wp-json\/wp\/v2\/types\/product"}],"replies":[{"embeddable":true,"href":"https:\/\/larisaandpumpkin.com\/en\/wp-json\/wp\/v2\/comments?post=1031"}],"wp:featuredmedia":[{"embeddable":true,"href":"https:\/\/larisaandpumpkin.com\/en\/wp-json\/wp\/v2\/media\/837"}],"wp:attachment":[{"href":"https:\/\/larisaandpumpkin.com\/en\/wp-json\/wp\/v2\/media?parent=1031"}],"wp:term":[{"taxonomy":"product_brand","embeddable":true,"href":"https:\/\/larisaandpumpkin.com\/en\/wp-json\/wp\/v2\/product_brand?post=1031"},{"taxonomy":"product_cat","embeddable":true,"href":"https:\/\/larisaandpumpkin.com\/en\/wp-json\/wp\/v2\/product_cat?post=1031"},{"taxonomy":"product_tag","embeddable":true,"href":"https:\/\/larisaandpumpkin.com\/en\/wp-json\/wp\/v2\/product_tag?post=1031"}],"curies":[{"name":"wp","href":"https:\/\/api.w.org\/{rel}","templated":true}]}}