{"id":1025,"date":"2022-05-03T19:45:47","date_gmt":"2022-05-03T16:45:47","guid":{"rendered":"https:\/\/larisaandpumpkin.com\/homepage\/"},"modified":"2024-08-05T08:19:41","modified_gmt":"2024-08-05T05:19:41","slug":"anasayfa","status":"publish","type":"page","link":"https:\/\/larisaandpumpkin.com\/en\/","title":{"rendered":"Homepage"},"content":{"rendered":"","protected":false},"excerpt":{"rendered":"","protected":false},"author":1,"featured_media":813,"parent":0,"menu_order":2,"comment_status":"closed","ping_status":"closed","template":"page-home.php","meta":{"_acf_changed":false,"inline_featured_image":false,"footnotes":""},"class_list":["post-1025","page","type-page","status-publish","has-post-thumbnail","hentry"],"acf":[],"yoast_head":"<!-- This site is optimized with the Yoast SEO plugin v24.7 - https:\/\/yoast.com\/wordpress\/plugins\/seo\/ -->\n<title>Larisa Pumpkin | For Kids<\/title>\n<meta name=\"description\" content=\"In 2017, we set out to create modern and stylish play areas with simple and high-quality designs, focusing on the needs of children and parents.\" \/>\n<meta name=\"robots\" content=\"index, follow, max-snippet:-1, max-image-preview:large, max-video-preview:-1\" \/>\n<link rel=\"canonical\" href=\"https:\/\/larisaandpumpkin.com\/en\/\" \/>\n<meta property=\"og:locale\" content=\"en_US\" \/>\n<meta property=\"og:type\" content=\"article\" \/>\n<meta property=\"og:title\" content=\"Larisa &amp; Pumpkin | For Kids\" \/>\n<meta property=\"og:description\" content=\"In 2017, we set out to create modern and stylish play areas with simple and high-quality designs, focusing on the needs of children and parents.\" \/>\n<meta property=\"og:url\" content=\"https:\/\/larisaandpumpkin.com\/en\/\" \/>\n<meta property=\"og:site_name\" content=\"Larisa &amp; Pumpkin | For Kids\" \/>\n<meta property=\"article:modified_time\" content=\"2024-08-05T05:19:41+00:00\" \/>\n<meta property=\"og:image\" content=\"https:\/\/larisaandpumpkin.com\/wp-content\/uploads\/2022\/05\/Larisa_and_Pumpkin_4.jpg\" \/>\n\t<meta property=\"og:image:width\" content=\"900\" \/>\n\t<meta property=\"og:image:height\" content=\"900\" \/>\n\t<meta property=\"og:image:type\" content=\"image\/jpeg\" \/>\n<meta name=\"twitter:card\" content=\"summary_large_image\" \/>\n<meta name=\"twitter:title\" content=\"Larisa Pumpkin | For Kids\" \/>\n<meta name=\"twitter:description\" content=\"In 2017, we set out to create modern and stylish play areas with simple and high-quality designs, focusing on the needs of children and parents.\" \/>\n<meta name=\"twitter:image\" content=\"https:\/\/larisaandpumpkin.com\/wp-content\/uploads\/2022\/05\/Larisa_and_Pumpkin_4.jpg\" \/>\n<meta name=\"twitter:label1\" content=\"Est. reading time\" \/>\n\t<meta name=\"twitter:data1\" content=\"1 minute\" \/>\n<script type=\"application\/ld+json\" class=\"yoast-schema-graph\">{\"@context\":\"https:\/\/schema.org\",\"@graph\":[{\"@type\":\"WebPage\",\"@id\":\"https:\/\/larisaandpumpkin.com\/en\/\",\"url\":\"https:\/\/larisaandpumpkin.com\/en\/\",\"name\":\"Larisa Pumpkin | For Kids\",\"isPartOf\":{\"@id\":\"https:\/\/larisaandpumpkin.com\/#website\"},\"primaryImageOfPage\":{\"@id\":\"https:\/\/larisaandpumpkin.com\/en\/#primaryimage\"},\"image\":{\"@id\":\"https:\/\/larisaandpumpkin.com\/en\/#primaryimage\"},\"thumbnailUrl\":\"https:\/\/larisaandpumpkin.com\/wp-content\/uploads\/2022\/05\/Larisa_and_Pumpkin_4.jpg\",\"datePublished\":\"2022-05-03T16:45:47+00:00\",\"dateModified\":\"2024-08-05T05:19:41+00:00\",\"description\":\"In 2017, we set out to create modern and stylish play areas with simple and high-quality designs, focusing on the needs of children and parents.\",\"breadcrumb\":{\"@id\":\"https:\/\/larisaandpumpkin.com\/en\/#breadcrumb\"},\"inLanguage\":\"en-US\",\"potentialAction\":[{\"@type\":\"ReadAction\",\"target\":[\"https:\/\/larisaandpumpkin.com\/en\/\"]}]},{\"@type\":\"ImageObject\",\"inLanguage\":\"en-US\",\"@id\":\"https:\/\/larisaandpumpkin.com\/en\/#primaryimage\",\"url\":\"https:\/\/larisaandpumpkin.com\/wp-content\/uploads\/2022\/05\/Larisa_and_Pumpkin_4.jpg\",\"contentUrl\":\"https:\/\/larisaandpumpkin.com\/wp-content\/uploads\/2022\/05\/Larisa_and_Pumpkin_4.jpg\",\"width\":900,\"height\":900},{\"@type\":\"BreadcrumbList\",\"@id\":\"https:\/\/larisaandpumpkin.com\/en\/#breadcrumb\",\"itemListElement\":[{\"@type\":\"ListItem\",\"position\":1,\"name\":\"Anasayfa\",\"item\":\"https:\/\/larisaandpumpkin.com\/en\/\"},{\"@type\":\"ListItem\",\"position\":2,\"name\":\"Homepage\"}]},{\"@type\":\"WebSite\",\"@id\":\"https:\/\/larisaandpumpkin.com\/#website\",\"url\":\"https:\/\/larisaandpumpkin.com\/\",\"name\":\"Larisa &amp; Pumpkin | For Kids\",\"description\":\"En b\u00fcy\u00fck tutkumuz ise hala ayn\u0131; minikleri e\u011flendirirken geli\u015fimlerini de destekleyecek kaliteli ve g\u00fcvenli \u00fcr\u00fcnler tasarlamak!\",\"potentialAction\":[{\"@type\":\"SearchAction\",\"target\":{\"@type\":\"EntryPoint\",\"urlTemplate\":\"https:\/\/larisaandpumpkin.com\/?s={search_term_string}\"},\"query-input\":{\"@type\":\"PropertyValueSpecification\",\"valueRequired\":true,\"valueName\":\"search_term_string\"}}],\"inLanguage\":\"en-US\"}]}<\/script>\n<!-- \/ Yoast SEO plugin. -->","yoast_head_json":{"title":"Larisa Pumpkin | For Kids","description":"In 2017, we set out to create modern and stylish play areas with simple and high-quality designs, focusing on the needs of children and parents.","robots":{"index":"index","follow":"follow","max-snippet":"max-snippet:-1","max-image-preview":"max-image-preview:large","max-video-preview":"max-video-preview:-1"},"canonical":"https:\/\/larisaandpumpkin.com\/en\/","og_locale":"en_US","og_type":"article","og_title":"Larisa & Pumpkin | For Kids","og_description":"In 2017, we set out to create modern and stylish play areas with simple and high-quality designs, focusing on the needs of children and parents.","og_url":"https:\/\/larisaandpumpkin.com\/en\/","og_site_name":"Larisa &amp; Pumpkin | For Kids","article_modified_time":"2024-08-05T05:19:41+00:00","og_image":[{"width":900,"height":900,"url":"https:\/\/larisaandpumpkin.com\/wp-content\/uploads\/2022\/05\/Larisa_and_Pumpkin_4.jpg","type":"image\/jpeg"}],"twitter_card":"summary_large_image","twitter_title":"Larisa Pumpkin | For Kids","twitter_description":"In 2017, we set out to create modern and stylish play areas with simple and high-quality designs, focusing on the needs of children and parents.","twitter_image":"https:\/\/larisaandpumpkin.com\/wp-content\/uploads\/2022\/05\/Larisa_and_Pumpkin_4.jpg","twitter_misc":{"Est. reading time":"1 minute"},"schema":{"@context":"https:\/\/schema.org","@graph":[{"@type":"WebPage","@id":"https:\/\/larisaandpumpkin.com\/en\/","url":"https:\/\/larisaandpumpkin.com\/en\/","name":"Larisa Pumpkin | For Kids","isPartOf":{"@id":"https:\/\/larisaandpumpkin.com\/#website"},"primaryImageOfPage":{"@id":"https:\/\/larisaandpumpkin.com\/en\/#primaryimage"},"image":{"@id":"https:\/\/larisaandpumpkin.com\/en\/#primaryimage"},"thumbnailUrl":"https:\/\/larisaandpumpkin.com\/wp-content\/uploads\/2022\/05\/Larisa_and_Pumpkin_4.jpg","datePublished":"2022-05-03T16:45:47+00:00","dateModified":"2024-08-05T05:19:41+00:00","description":"In 2017, we set out to create modern and stylish play areas with simple and high-quality designs, focusing on the needs of children and parents.","breadcrumb":{"@id":"https:\/\/larisaandpumpkin.com\/en\/#breadcrumb"},"inLanguage":"en-US","potentialAction":[{"@type":"ReadAction","target":["https:\/\/larisaandpumpkin.com\/en\/"]}]},{"@type":"ImageObject","inLanguage":"en-US","@id":"https:\/\/larisaandpumpkin.com\/en\/#primaryimage","url":"https:\/\/larisaandpumpkin.com\/wp-content\/uploads\/2022\/05\/Larisa_and_Pumpkin_4.jpg","contentUrl":"https:\/\/larisaandpumpkin.com\/wp-content\/uploads\/2022\/05\/Larisa_and_Pumpkin_4.jpg","width":900,"height":900},{"@type":"BreadcrumbList","@id":"https:\/\/larisaandpumpkin.com\/en\/#breadcrumb","itemListElement":[{"@type":"ListItem","position":1,"name":"Anasayfa","item":"https:\/\/larisaandpumpkin.com\/en\/"},{"@type":"ListItem","position":2,"name":"Homepage"}]},{"@type":"WebSite","@id":"https:\/\/larisaandpumpkin.com\/#website","url":"https:\/\/larisaandpumpkin.com\/","name":"Larisa &amp; Pumpkin | For Kids","description":"En b\u00fcy\u00fck tutkumuz ise hala ayn\u0131; minikleri e\u011flendirirken geli\u015fimlerini de destekleyecek kaliteli ve g\u00fcvenli \u00fcr\u00fcnler tasarlamak!","potentialAction":[{"@type":"SearchAction","target":{"@type":"EntryPoint","urlTemplate":"https:\/\/larisaandpumpkin.com\/?s={search_term_string}"},"query-input":{"@type":"PropertyValueSpecification","valueRequired":true,"valueName":"search_term_string"}}],"inLanguage":"en-US"}]}},"_links":{"self":[{"href":"https:\/\/larisaandpumpkin.com\/en\/wp-json\/wp\/v2\/pages\/1025","targetHints":{"allow":["GET"]}}],"collection":[{"href":"https:\/\/larisaandpumpkin.com\/en\/wp-json\/wp\/v2\/pages"}],"about":[{"href":"https:\/\/larisaandpumpkin.com\/en\/wp-json\/wp\/v2\/types\/page"}],"author":[{"embeddable":true,"href":"https:\/\/larisaandpumpkin.com\/en\/wp-json\/wp\/v2\/users\/1"}],"replies":[{"embeddable":true,"href":"https:\/\/larisaandpumpkin.com\/en\/wp-json\/wp\/v2\/comments?post=1025"}],"version-history":[{"count":8,"href":"https:\/\/larisaandpumpkin.com\/en\/wp-json\/wp\/v2\/pages\/1025\/revisions"}],"predecessor-version":[{"id":9656,"href":"https:\/\/larisaandpumpkin.com\/en\/wp-json\/wp\/v2\/pages\/1025\/revisions\/9656"}],"wp:featuredmedia":[{"embeddable":true,"href":"https:\/\/larisaandpumpkin.com\/en\/wp-json\/wp\/v2\/media\/813"}],"wp:attachment":[{"href":"https:\/\/larisaandpumpkin.com\/en\/wp-json\/wp\/v2\/media?parent=1025"}],"curies":[{"name":"wp","href":"https:\/\/api.w.org\/{rel}","templated":true}]}}